{"id":5245,"date":"2024-02-26T09:24:55","date_gmt":"2024-02-26T08:24:55","guid":{"rendered":"https:\/\/www.flexistore.no\/?page_id=5245"},"modified":"2024-02-26T09:24:59","modified_gmt":"2024-02-26T08:24:59","slug":"ryen","status":"publish","type":"page","link":"https:\/\/staging.flexistore.no\/en\/self-storage\/oslo\/ryen\/","title":{"rendered":"Rye"},"content":{"rendered":"","protected":false},"excerpt":{"rendered":"","protected":false},"author":1,"featured_media":0,"parent":369,"menu_order":0,"comment_status":"closed","ping_status":"closed","template":"","meta":{"_acf_changed":false,"footnotes":""},"acf":{"herobilde-avdeling-undersider":false,"adresse-avdeling-undersider":"Enebakkveien 127, 0680 Oslo","google_my_business_tittel-avdeling-undersider":"Flexistore Minilager avd. Ryen","ikonliste_1-avdeling-undersider":"D\u00f8gn\u00e5pent og selvbetjent","ikonliste_2-avdeling-undersider":"Innend\u00f8rs og temperert","ikonliste_3-avdeling-undersider":"Lett tilgjengelig","ikonliste_4-avdeling-undersider":"Gratis kundeparkering","ikonliste_5-avdeling-undersider":"N\u00e6rme kollektivt","tekst_ikke_apnet_enda-avdeling-undersider":"\u00c5pner 2024","latitude-avdeling-undersider":"59.896690","longitude-avdeling-undersider":"10.800850","lokasjonsbilder_karusell-avdeling-undersider":[{"id":5199,"title":"IMG_0122","caption":"","full_image_url":"https:\/\/staging.flexistore.no\/wp-content\/uploads\/2024\/01\/IMG_0122-scaled.jpg","thumbnail_image_url":"https:\/\/staging.flexistore.no\/wp-content\/uploads\/2024\/01\/IMG_0122-150x150.jpg","large_srcset":"https:\/\/staging.flexistore.no\/wp-content\/uploads\/2024\/01\/IMG_0122-768x1024.jpg 768w, https:\/\/staging.flexistore.no\/wp-content\/uploads\/2024\/01\/IMG_0122-225x300.jpg 225w, https:\/\/staging.flexistore.no\/wp-content\/uploads\/2024\/01\/IMG_0122-1152x1536.jpg 1152w, https:\/\/staging.flexistore.no\/wp-content\/uploads\/2024\/01\/IMG_0122-1536x2048.jpg 1536w, https:\/\/staging.flexistore.no\/wp-content\/uploads\/2024\/01\/IMG_0122-9x12.jpg 9w, https:\/\/staging.flexistore.no\/wp-content\/uploads\/2024\/01\/IMG_0122-scaled.jpg 1920w","medium_srcset":"https:\/\/staging.flexistore.no\/wp-content\/uploads\/2024\/01\/IMG_0122-225x300.jpg 225w, https:\/\/staging.flexistore.no\/wp-content\/uploads\/2024\/01\/IMG_0122-768x1024.jpg 768w, https:\/\/staging.flexistore.no\/wp-content\/uploads\/2024\/01\/IMG_0122-1152x1536.jpg 1152w, https:\/\/staging.flexistore.no\/wp-content\/uploads\/2024\/01\/IMG_0122-1536x2048.jpg 1536w, https:\/\/staging.flexistore.no\/wp-content\/uploads\/2024\/01\/IMG_0122-9x12.jpg 9w, https:\/\/staging.flexistore.no\/wp-content\/uploads\/2024\/01\/IMG_0122-scaled.jpg 1920w","url":"","target":""}],"photo_gallery":{"lokasjonsbilder_karusell-avdeling-undersider":[[{"id":5199,"title":"IMG_0122","caption":"","full_image_url":"https:\/\/staging.flexistore.no\/wp-content\/uploads\/2024\/01\/IMG_0122-scaled.jpg","thumbnail_image_url":"https:\/\/staging.flexistore.no\/wp-content\/uploads\/2024\/01\/IMG_0122-150x150.jpg","large_srcset":"https:\/\/staging.flexistore.no\/wp-content\/uploads\/2024\/01\/IMG_0122-768x1024.jpg 768w, https:\/\/staging.flexistore.no\/wp-content\/uploads\/2024\/01\/IMG_0122-225x300.jpg 225w, https:\/\/staging.flexistore.no\/wp-content\/uploads\/2024\/01\/IMG_0122-1152x1536.jpg 1152w, https:\/\/staging.flexistore.no\/wp-content\/uploads\/2024\/01\/IMG_0122-1536x2048.jpg 1536w, https:\/\/staging.flexistore.no\/wp-content\/uploads\/2024\/01\/IMG_0122-9x12.jpg 9w, https:\/\/staging.flexistore.no\/wp-content\/uploads\/2024\/01\/IMG_0122-scaled.jpg 1920w","medium_srcset":"https:\/\/staging.flexistore.no\/wp-content\/uploads\/2024\/01\/IMG_0122-225x300.jpg 225w, https:\/\/staging.flexistore.no\/wp-content\/uploads\/2024\/01\/IMG_0122-768x1024.jpg 768w, https:\/\/staging.flexistore.no\/wp-content\/uploads\/2024\/01\/IMG_0122-1152x1536.jpg 1152w, https:\/\/staging.flexistore.no\/wp-content\/uploads\/2024\/01\/IMG_0122-1536x2048.jpg 1536w, https:\/\/staging.flexistore.no\/wp-content\/uploads\/2024\/01\/IMG_0122-9x12.jpg 9w, https:\/\/staging.flexistore.no\/wp-content\/uploads\/2024\/01\/IMG_0122-scaled.jpg 1920w","url":"","target":""}]]}},"_links":{"self":[{"href":"https:\/\/staging.flexistore.no\/en\/wp-json\/wp\/v2\/pages\/5245"}],"collection":[{"href":"https:\/\/staging.flexistore.no\/en\/wp-json\/wp\/v2\/pages"}],"about":[{"href":"https:\/\/staging.flexistore.no\/en\/wp-json\/wp\/v2\/types\/page"}],"author":[{"embeddable":true,"href":"https:\/\/staging.flexistore.no\/en\/wp-json\/wp\/v2\/users\/1"}],"replies":[{"embeddable":true,"href":"https:\/\/staging.flexistore.no\/en\/wp-json\/wp\/v2\/comments?post=5245"}],"version-history":[{"count":1,"href":"https:\/\/staging.flexistore.no\/en\/wp-json\/wp\/v2\/pages\/5245\/revisions"}],"predecessor-version":[{"id":5246,"href":"https:\/\/staging.flexistore.no\/en\/wp-json\/wp\/v2\/pages\/5245\/revisions\/5246"}],"up":[{"embeddable":true,"href":"https:\/\/staging.flexistore.no\/en\/wp-json\/wp\/v2\/pages\/369"}],"wp:attachment":[{"href":"https:\/\/staging.flexistore.no\/en\/wp-json\/wp\/v2\/media?parent=5245"}],"curies":[{"name":"wp","href":"https:\/\/api.w.org\/{rel}","templated":true}]}}