{"id":5242,"date":"2024-02-26T08:17:19","date_gmt":"2024-02-26T07:17:19","guid":{"rendered":"https:\/\/www.flexistore.no\/?page_id=5242"},"modified":"2024-02-26T08:19:35","modified_gmt":"2024-02-26T07:19:35","slug":"rosenhoff","status":"publish","type":"page","link":"https:\/\/staging.flexistore.no\/en\/self-storage\/oslo\/rosenhoff\/","title":{"rendered":"Rosenhoff"},"content":{"rendered":"","protected":false},"excerpt":{"rendered":"","protected":false},"author":1,"featured_media":0,"parent":369,"menu_order":0,"comment_status":"closed","ping_status":"closed","template":"","meta":{"_acf_changed":false,"footnotes":""},"acf":{"herobilde-avdeling-undersider":false,"adresse-avdeling-undersider":"Sinsenveien 4, 0572 Oslo","google_my_business_tittel-avdeling-undersider":"Flexistore minilager avd. Rosenhoff","ikonliste_1-avdeling-undersider":"D\u00f8gn\u00e5pent og selvbetjent","ikonliste_2-avdeling-undersider":"Innend\u00f8rs og temperert","ikonliste_3-avdeling-undersider":"Lett tilgjengelig","ikonliste_4-avdeling-undersider":"Gratis kundeparkering","ikonliste_5-avdeling-undersider":"N\u00e6rme kollektivt","tekst_ikke_apnet_enda-avdeling-undersider":"\u00c5pner 2024","latitude-avdeling-undersider":"59.928880","longitude-avdeling-undersider":"10.779150","lokasjonsbilder_karusell-avdeling-undersider":[{"id":5199,"title":"IMG_0122","caption":"","full_image_url":"https:\/\/staging.flexistore.no\/wp-content\/uploads\/2024\/01\/IMG_0122-scaled.jpg","thumbnail_image_url":"https:\/\/staging.flexistore.no\/wp-content\/uploads\/2024\/01\/IMG_0122-150x150.jpg","large_srcset":"https:\/\/staging.flexistore.no\/wp-content\/uploads\/2024\/01\/IMG_0122-768x1024.jpg 768w, https:\/\/staging.flexistore.no\/wp-content\/uploads\/2024\/01\/IMG_0122-225x300.jpg 225w, https:\/\/staging.flexistore.no\/wp-content\/uploads\/2024\/01\/IMG_0122-1152x1536.jpg 1152w, https:\/\/staging.flexistore.no\/wp-content\/uploads\/2024\/01\/IMG_0122-1536x2048.jpg 1536w, https:\/\/staging.flexistore.no\/wp-content\/uploads\/2024\/01\/IMG_0122-9x12.jpg 9w, https:\/\/staging.flexistore.no\/wp-content\/uploads\/2024\/01\/IMG_0122-scaled.jpg 1920w","medium_srcset":"https:\/\/staging.flexistore.no\/wp-content\/uploads\/2024\/01\/IMG_0122-225x300.jpg 225w, https:\/\/staging.flexistore.no\/wp-content\/uploads\/2024\/01\/IMG_0122-768x1024.jpg 768w, https:\/\/staging.flexistore.no\/wp-content\/uploads\/2024\/01\/IMG_0122-1152x1536.jpg 1152w, https:\/\/staging.flexistore.no\/wp-content\/uploads\/2024\/01\/IMG_0122-1536x2048.jpg 1536w, https:\/\/staging.flexistore.no\/wp-content\/uploads\/2024\/01\/IMG_0122-9x12.jpg 9w, https:\/\/staging.flexistore.no\/wp-content\/uploads\/2024\/01\/IMG_0122-scaled.jpg 1920w","url":"","target":""},{"id":5201,"title":"IMG_0121","caption":"","full_image_url":"https:\/\/staging.flexistore.no\/wp-content\/uploads\/2024\/01\/IMG_0121.png","thumbnail_image_url":"https:\/\/staging.flexistore.no\/wp-content\/uploads\/2024\/01\/IMG_0121-150x150.png","large_srcset":"https:\/\/staging.flexistore.no\/wp-content\/uploads\/2024\/01\/IMG_0121-768x1024.png 768w, https:\/\/staging.flexistore.no\/wp-content\/uploads\/2024\/01\/IMG_0121-225x300.png 225w, https:\/\/staging.flexistore.no\/wp-content\/uploads\/2024\/01\/IMG_0121-1152x1536.png 1152w, https:\/\/staging.flexistore.no\/wp-content\/uploads\/2024\/01\/IMG_0121-1536x2048.png 1536w, https:\/\/staging.flexistore.no\/wp-content\/uploads\/2024\/01\/IMG_0121-9x12.png 9w","medium_srcset":"https:\/\/staging.flexistore.no\/wp-content\/uploads\/2024\/01\/IMG_0121-225x300.png 225w, https:\/\/staging.flexistore.no\/wp-content\/uploads\/2024\/01\/IMG_0121-768x1024.png 768w, https:\/\/staging.flexistore.no\/wp-content\/uploads\/2024\/01\/IMG_0121-1152x1536.png 1152w, https:\/\/staging.flexistore.no\/wp-content\/uploads\/2024\/01\/IMG_0121-1536x2048.png 1536w, https:\/\/staging.flexistore.no\/wp-content\/uploads\/2024\/01\/IMG_0121-9x12.png 9w","url":"","target":""}],"photo_gallery":{"lokasjonsbilder_karusell-avdeling-undersider":[[{"id":5199,"title":"IMG_0122","caption":"","full_image_url":"https:\/\/staging.flexistore.no\/wp-content\/uploads\/2024\/01\/IMG_0122-scaled.jpg","thumbnail_image_url":"https:\/\/staging.flexistore.no\/wp-content\/uploads\/2024\/01\/IMG_0122-150x150.jpg","large_srcset":"https:\/\/staging.flexistore.no\/wp-content\/uploads\/2024\/01\/IMG_0122-768x1024.jpg 768w, https:\/\/staging.flexistore.no\/wp-content\/uploads\/2024\/01\/IMG_0122-225x300.jpg 225w, https:\/\/staging.flexistore.no\/wp-content\/uploads\/2024\/01\/IMG_0122-1152x1536.jpg 1152w, https:\/\/staging.flexistore.no\/wp-content\/uploads\/2024\/01\/IMG_0122-1536x2048.jpg 1536w, https:\/\/staging.flexistore.no\/wp-content\/uploads\/2024\/01\/IMG_0122-9x12.jpg 9w, https:\/\/staging.flexistore.no\/wp-content\/uploads\/2024\/01\/IMG_0122-scaled.jpg 1920w","medium_srcset":"https:\/\/staging.flexistore.no\/wp-content\/uploads\/2024\/01\/IMG_0122-225x300.jpg 225w, https:\/\/staging.flexistore.no\/wp-content\/uploads\/2024\/01\/IMG_0122-768x1024.jpg 768w, https:\/\/staging.flexistore.no\/wp-content\/uploads\/2024\/01\/IMG_0122-1152x1536.jpg 1152w, https:\/\/staging.flexistore.no\/wp-content\/uploads\/2024\/01\/IMG_0122-1536x2048.jpg 1536w, https:\/\/staging.flexistore.no\/wp-content\/uploads\/2024\/01\/IMG_0122-9x12.jpg 9w, https:\/\/staging.flexistore.no\/wp-content\/uploads\/2024\/01\/IMG_0122-scaled.jpg 1920w","url":"","target":""},{"id":5201,"title":"IMG_0121","caption":"","full_image_url":"https:\/\/staging.flexistore.no\/wp-content\/uploads\/2024\/01\/IMG_0121.png","thumbnail_image_url":"https:\/\/staging.flexistore.no\/wp-content\/uploads\/2024\/01\/IMG_0121-150x150.png","large_srcset":"https:\/\/staging.flexistore.no\/wp-content\/uploads\/2024\/01\/IMG_0121-768x1024.png 768w, https:\/\/staging.flexistore.no\/wp-content\/uploads\/2024\/01\/IMG_0121-225x300.png 225w, https:\/\/staging.flexistore.no\/wp-content\/uploads\/2024\/01\/IMG_0121-1152x1536.png 1152w, https:\/\/staging.flexistore.no\/wp-content\/uploads\/2024\/01\/IMG_0121-1536x2048.png 1536w, https:\/\/staging.flexistore.no\/wp-content\/uploads\/2024\/01\/IMG_0121-9x12.png 9w","medium_srcset":"https:\/\/staging.flexistore.no\/wp-content\/uploads\/2024\/01\/IMG_0121-225x300.png 225w, https:\/\/staging.flexistore.no\/wp-content\/uploads\/2024\/01\/IMG_0121-768x1024.png 768w, https:\/\/staging.flexistore.no\/wp-content\/uploads\/2024\/01\/IMG_0121-1152x1536.png 1152w, https:\/\/staging.flexistore.no\/wp-content\/uploads\/2024\/01\/IMG_0121-1536x2048.png 1536w, https:\/\/staging.flexistore.no\/wp-content\/uploads\/2024\/01\/IMG_0121-9x12.png 9w","url":"","target":""}]]}},"_links":{"self":[{"href":"https:\/\/staging.flexistore.no\/en\/wp-json\/wp\/v2\/pages\/5242"}],"collection":[{"href":"https:\/\/staging.flexistore.no\/en\/wp-json\/wp\/v2\/pages"}],"about":[{"href":"https:\/\/staging.flexistore.no\/en\/wp-json\/wp\/v2\/types\/page"}],"author":[{"embeddable":true,"href":"https:\/\/staging.flexistore.no\/en\/wp-json\/wp\/v2\/users\/1"}],"replies":[{"embeddable":true,"href":"https:\/\/staging.flexistore.no\/en\/wp-json\/wp\/v2\/comments?post=5242"}],"version-history":[{"count":2,"href":"https:\/\/staging.flexistore.no\/en\/wp-json\/wp\/v2\/pages\/5242\/revisions"}],"predecessor-version":[{"id":5244,"href":"https:\/\/staging.flexistore.no\/en\/wp-json\/wp\/v2\/pages\/5242\/revisions\/5244"}],"up":[{"embeddable":true,"href":"https:\/\/staging.flexistore.no\/en\/wp-json\/wp\/v2\/pages\/369"}],"wp:attachment":[{"href":"https:\/\/staging.flexistore.no\/en\/wp-json\/wp\/v2\/media?parent=5242"}],"curies":[{"name":"wp","href":"https:\/\/api.w.org\/{rel}","templated":true}]}}