{"id":5131,"date":"2023-10-27T20:40:00","date_gmt":"2023-10-27T19:40:00","guid":{"rendered":"https:\/\/www.flexistore.no\/?page_id=5131"},"modified":"2023-10-27T20:43:28","modified_gmt":"2023-10-27T19:43:28","slug":"hisoy","status":"publish","type":"page","link":"https:\/\/staging.flexistore.no\/en\/self-storage\/arendal\/hisoy\/","title":{"rendered":"His\u00f8y"},"content":{"rendered":"","protected":false},"excerpt":{"rendered":"","protected":false},"author":1,"featured_media":0,"parent":5122,"menu_order":0,"comment_status":"closed","ping_status":"closed","template":"","meta":{"_acf_changed":false,"footnotes":""},"acf":{"lokasjonsbilder_karusell-avdeling-undersider":[{"id":4899,"title":"Bjorkelangen27","caption":"","full_image_url":"https:\/\/staging.flexistore.no\/wp-content\/uploads\/2023\/05\/Bjorkelangen27-scaled.jpg","thumbnail_image_url":"https:\/\/staging.flexistore.no\/wp-content\/uploads\/2023\/05\/Bjorkelangen27-150x150.jpg","large_srcset":"https:\/\/staging.flexistore.no\/wp-content\/uploads\/2023\/05\/Bjorkelangen27-1024x684.jpg 1024w, https:\/\/staging.flexistore.no\/wp-content\/uploads\/2023\/05\/Bjorkelangen27-300x200.jpg 300w, https:\/\/staging.flexistore.no\/wp-content\/uploads\/2023\/05\/Bjorkelangen27-768x513.jpg 768w, https:\/\/staging.flexistore.no\/wp-content\/uploads\/2023\/05\/Bjorkelangen27-1536x1025.jpg 1536w, https:\/\/staging.flexistore.no\/wp-content\/uploads\/2023\/05\/Bjorkelangen27-2048x1367.jpg 2048w, https:\/\/staging.flexistore.no\/wp-content\/uploads\/2023\/05\/Bjorkelangen27-18x12.jpg 18w","medium_srcset":"https:\/\/staging.flexistore.no\/wp-content\/uploads\/2023\/05\/Bjorkelangen27-300x200.jpg 300w, https:\/\/staging.flexistore.no\/wp-content\/uploads\/2023\/05\/Bjorkelangen27-1024x684.jpg 1024w, https:\/\/staging.flexistore.no\/wp-content\/uploads\/2023\/05\/Bjorkelangen27-768x513.jpg 768w, https:\/\/staging.flexistore.no\/wp-content\/uploads\/2023\/05\/Bjorkelangen27-1536x1025.jpg 1536w, https:\/\/staging.flexistore.no\/wp-content\/uploads\/2023\/05\/Bjorkelangen27-2048x1367.jpg 2048w, https:\/\/staging.flexistore.no\/wp-content\/uploads\/2023\/05\/Bjorkelangen27-18x12.jpg 18w","url":"","target":""},{"id":4900,"title":"Bjorkelangen23","caption":"","full_image_url":"https:\/\/staging.flexistore.no\/wp-content\/uploads\/2023\/05\/Bjorkelangen23-scaled.jpg","thumbnail_image_url":"https:\/\/staging.flexistore.no\/wp-content\/uploads\/2023\/05\/Bjorkelangen23-150x150.jpg","large_srcset":"https:\/\/staging.flexistore.no\/wp-content\/uploads\/2023\/05\/Bjorkelangen23-1024x684.jpg 1024w, https:\/\/staging.flexistore.no\/wp-content\/uploads\/2023\/05\/Bjorkelangen23-300x200.jpg 300w, https:\/\/staging.flexistore.no\/wp-content\/uploads\/2023\/05\/Bjorkelangen23-768x513.jpg 768w, https:\/\/staging.flexistore.no\/wp-content\/uploads\/2023\/05\/Bjorkelangen23-1536x1025.jpg 1536w, https:\/\/staging.flexistore.no\/wp-content\/uploads\/2023\/05\/Bjorkelangen23-2048x1367.jpg 2048w, https:\/\/staging.flexistore.no\/wp-content\/uploads\/2023\/05\/Bjorkelangen23-18x12.jpg 18w","medium_srcset":"https:\/\/staging.flexistore.no\/wp-content\/uploads\/2023\/05\/Bjorkelangen23-300x200.jpg 300w, https:\/\/staging.flexistore.no\/wp-content\/uploads\/2023\/05\/Bjorkelangen23-1024x684.jpg 1024w, https:\/\/staging.flexistore.no\/wp-content\/uploads\/2023\/05\/Bjorkelangen23-768x513.jpg 768w, https:\/\/staging.flexistore.no\/wp-content\/uploads\/2023\/05\/Bjorkelangen23-1536x1025.jpg 1536w, https:\/\/staging.flexistore.no\/wp-content\/uploads\/2023\/05\/Bjorkelangen23-2048x1367.jpg 2048w, https:\/\/staging.flexistore.no\/wp-content\/uploads\/2023\/05\/Bjorkelangen23-18x12.jpg 18w","url":"","target":""}],"herobilde-avdeling-undersider":false,"adresse-avdeling-undersider":"Tangen Alle 41, 4817 His","google_my_business_tittel-avdeling-undersider":"Flexistore minilager avd. His\u00f8y","ikonliste_1-avdeling-undersider":"D\u00f8gn\u00e5pent og selvbetjent","ikonliste_2-avdeling-undersider":"Innend\u00f8rs og temperert","ikonliste_3-avdeling-undersider":"Lett tilgjengelig","ikonliste_4-avdeling-undersider":"Gratis kundeparkering","ikonliste_5-avdeling-undersider":"N\u00e6rme kollektivt","tekst_ikke_apnet_enda-avdeling-undersider":"Kommer desember 2023","latitude-avdeling-undersider":"58.437360","longitude-avdeling-undersider":"8.721250","photo_gallery":{"lokasjonsbilder_karusell-avdeling-undersider":[[{"id":4899,"title":"Bjorkelangen27","caption":"","full_image_url":"https:\/\/staging.flexistore.no\/wp-content\/uploads\/2023\/05\/Bjorkelangen27-scaled.jpg","thumbnail_image_url":"https:\/\/staging.flexistore.no\/wp-content\/uploads\/2023\/05\/Bjorkelangen27-150x150.jpg","large_srcset":"https:\/\/staging.flexistore.no\/wp-content\/uploads\/2023\/05\/Bjorkelangen27-1024x684.jpg 1024w, https:\/\/staging.flexistore.no\/wp-content\/uploads\/2023\/05\/Bjorkelangen27-300x200.jpg 300w, https:\/\/staging.flexistore.no\/wp-content\/uploads\/2023\/05\/Bjorkelangen27-768x513.jpg 768w, https:\/\/staging.flexistore.no\/wp-content\/uploads\/2023\/05\/Bjorkelangen27-1536x1025.jpg 1536w, https:\/\/staging.flexistore.no\/wp-content\/uploads\/2023\/05\/Bjorkelangen27-2048x1367.jpg 2048w, https:\/\/staging.flexistore.no\/wp-content\/uploads\/2023\/05\/Bjorkelangen27-18x12.jpg 18w","medium_srcset":"https:\/\/staging.flexistore.no\/wp-content\/uploads\/2023\/05\/Bjorkelangen27-300x200.jpg 300w, https:\/\/staging.flexistore.no\/wp-content\/uploads\/2023\/05\/Bjorkelangen27-1024x684.jpg 1024w, https:\/\/staging.flexistore.no\/wp-content\/uploads\/2023\/05\/Bjorkelangen27-768x513.jpg 768w, https:\/\/staging.flexistore.no\/wp-content\/uploads\/2023\/05\/Bjorkelangen27-1536x1025.jpg 1536w, https:\/\/staging.flexistore.no\/wp-content\/uploads\/2023\/05\/Bjorkelangen27-2048x1367.jpg 2048w, https:\/\/staging.flexistore.no\/wp-content\/uploads\/2023\/05\/Bjorkelangen27-18x12.jpg 18w","url":"","target":""},{"id":4900,"title":"Bjorkelangen23","caption":"","full_image_url":"https:\/\/staging.flexistore.no\/wp-content\/uploads\/2023\/05\/Bjorkelangen23-scaled.jpg","thumbnail_image_url":"https:\/\/staging.flexistore.no\/wp-content\/uploads\/2023\/05\/Bjorkelangen23-150x150.jpg","large_srcset":"https:\/\/staging.flexistore.no\/wp-content\/uploads\/2023\/05\/Bjorkelangen23-1024x684.jpg 1024w, https:\/\/staging.flexistore.no\/wp-content\/uploads\/2023\/05\/Bjorkelangen23-300x200.jpg 300w, https:\/\/staging.flexistore.no\/wp-content\/uploads\/2023\/05\/Bjorkelangen23-768x513.jpg 768w, https:\/\/staging.flexistore.no\/wp-content\/uploads\/2023\/05\/Bjorkelangen23-1536x1025.jpg 1536w, https:\/\/staging.flexistore.no\/wp-content\/uploads\/2023\/05\/Bjorkelangen23-2048x1367.jpg 2048w, https:\/\/staging.flexistore.no\/wp-content\/uploads\/2023\/05\/Bjorkelangen23-18x12.jpg 18w","medium_srcset":"https:\/\/staging.flexistore.no\/wp-content\/uploads\/2023\/05\/Bjorkelangen23-300x200.jpg 300w, https:\/\/staging.flexistore.no\/wp-content\/uploads\/2023\/05\/Bjorkelangen23-1024x684.jpg 1024w, https:\/\/staging.flexistore.no\/wp-content\/uploads\/2023\/05\/Bjorkelangen23-768x513.jpg 768w, https:\/\/staging.flexistore.no\/wp-content\/uploads\/2023\/05\/Bjorkelangen23-1536x1025.jpg 1536w, https:\/\/staging.flexistore.no\/wp-content\/uploads\/2023\/05\/Bjorkelangen23-2048x1367.jpg 2048w, https:\/\/staging.flexistore.no\/wp-content\/uploads\/2023\/05\/Bjorkelangen23-18x12.jpg 18w","url":"","target":""}]]}},"_links":{"self":[{"href":"https:\/\/staging.flexistore.no\/en\/wp-json\/wp\/v2\/pages\/5131"}],"collection":[{"href":"https:\/\/staging.flexistore.no\/en\/wp-json\/wp\/v2\/pages"}],"about":[{"href":"https:\/\/staging.flexistore.no\/en\/wp-json\/wp\/v2\/types\/page"}],"author":[{"embeddable":true,"href":"https:\/\/staging.flexistore.no\/en\/wp-json\/wp\/v2\/users\/1"}],"replies":[{"embeddable":true,"href":"https:\/\/staging.flexistore.no\/en\/wp-json\/wp\/v2\/comments?post=5131"}],"version-history":[{"count":5,"href":"https:\/\/staging.flexistore.no\/en\/wp-json\/wp\/v2\/pages\/5131\/revisions"}],"predecessor-version":[{"id":5137,"href":"https:\/\/staging.flexistore.no\/en\/wp-json\/wp\/v2\/pages\/5131\/revisions\/5137"}],"up":[{"embeddable":true,"href":"https:\/\/staging.flexistore.no\/en\/wp-json\/wp\/v2\/pages\/5122"}],"wp:attachment":[{"href":"https:\/\/staging.flexistore.no\/en\/wp-json\/wp\/v2\/media?parent=5131"}],"curies":[{"name":"wp","href":"https:\/\/api.w.org\/{rel}","templated":true}]}}