{"id":5122,"date":"2023-10-27T20:34:53","date_gmt":"2023-10-27T19:34:53","guid":{"rendered":"https:\/\/www.flexistore.no\/?page_id=5122"},"modified":"2023-10-27T20:35:52","modified_gmt":"2023-10-27T19:35:52","slug":"arendal","status":"publish","type":"page","link":"https:\/\/staging.flexistore.no\/en\/self-storage\/arendal\/","title":{"rendered":"Arendal"},"content":{"rendered":"","protected":false},"excerpt":{"rendered":"","protected":false},"author":1,"featured_media":0,"parent":99,"menu_order":0,"comment_status":"closed","ping_status":"closed","template":"","meta":{"_acf_changed":false,"footnotes":""},"acf":{"beskrivelse_topp-by-undersider":"Flexistore gj\u00f8r minilager i Arendal enda enklere med app og digital n\u00f8kkel p\u00e5 mobil. Bestill Arendal's mest moderne minilager og f\u00e5 umiddelbar tilgang.","ikonliste_1-by-undersider":"Sentralt og lett tilgjengelig","ikonliste_2-by-undersider":"Innend\u00f8rs og temperert","ikonliste_3-by-undersider":"Gratis kundeparkering","ikonliste_4-by-undersider":"D\u00f8gn\u00e5pent og selvbetjent","ikonliste_5-by-undersider":"Kort avstand til buss og bane","overskrift_velkommen_til-by-underiser":"Velkommen til Flexistore Minilager avd. Arendal","adresse-by-undersider":"Tangen Alle 41, 4817 His","bilde_alt_du_trenger_a_vite_om-by-undersider":{"ID":5123,"id":5123,"title":"Minilager-Arendal","filename":"Minilager-Arendal.jpg","filesize":215615,"url":"https:\/\/staging.flexistore.no\/wp-content\/uploads\/2023\/10\/Minilager-Arendal.jpg","link":"https:\/\/staging.flexistore.no\/en\/self-storage\/arendal\/attachment\/minilager-arendal\/","alt":"Minilager Arendal","author":"1","description":"","caption":"","name":"minilager-arendal","status":"inherit","uploaded_to":5122,"date":"2023-10-27 19:30:20","modified":"2023-10-27 19:30:28","menu_order":0,"mime_type":"image\/jpeg","type":"image","subtype":"jpeg","icon":"https:\/\/staging.flexistore.no\/wp-includes\/images\/media\/default.png","width":2560,"height":1707,"sizes":{"thumbnail":"https:\/\/staging.flexistore.no\/wp-content\/uploads\/2023\/10\/Minilager-Arendal-150x150.jpg","thumbnail-width":150,"thumbnail-height":150,"medium":"https:\/\/staging.flexistore.no\/wp-content\/uploads\/2023\/10\/Minilager-Arendal-300x200.jpg","medium-width":300,"medium-height":200,"medium_large":"https:\/\/staging.flexistore.no\/wp-content\/uploads\/2023\/10\/Minilager-Arendal-768x512.jpg","medium_large-width":768,"medium_large-height":512,"large":"https:\/\/staging.flexistore.no\/wp-content\/uploads\/2023\/10\/Minilager-Arendal-1024x683.jpg","large-width":800,"large-height":534,"1536x1536":"https:\/\/staging.flexistore.no\/wp-content\/uploads\/2023\/10\/Minilager-Arendal-1536x1024.jpg","1536x1536-width":1536,"1536x1536-height":1024,"2048x2048":"https:\/\/staging.flexistore.no\/wp-content\/uploads\/2023\/10\/Minilager-Arendal-2048x1366.jpg","2048x2048-width":2048,"2048x2048-height":1366,"trp-custom-language-flag":"https:\/\/staging.flexistore.no\/wp-content\/uploads\/2023\/10\/Minilager-Arendal-18x12.jpg","trp-custom-language-flag-width":18,"trp-custom-language-flag-height":12}},"faq_overskrift_1-by-undersider":"Hva er et minilager?","faq_overskrift_2-by-undersider":"Hva kan jeg lagre i et minilager?","faq_overskrift_3-by-undersider":"Hvordan bestiller jeg mitt minilager?","faq_beskrivelse_1-by-undersider":"Et minilager er en innend\u00f8rs, t\u00f8rr og trygg lagerbod du kan leie som privatperson eller bedrift. V\u00e5re minilager i Arendal kommer i forskjellige st\u00f8rrelser og priser, og kan dekke ethvert form\u00e5l. Enten du trenger langvarig lagring for \u00e5 skape mer plass hjemme eller kortvarig lagring for flytting, s\u00e5 er minilager l\u00f8sningen for deg. Minilager blir ogs\u00e5 ofte kalt for lagerbod eller lagerrom i Arendal. ","faq_beskrivelse_2-by-undersider":"Du kan lagre nesten hva som helst i et minilager eller lagerbod i Arendal, s\u00e5 lenge det f\u00e5r plass! I v\u00e5re innend\u00f8rs og t\u00f8rre minilager i Arendal kan du lagre alt utenom alle former for mat eller illeluktende varer, samt brannfarlig materiale, v\u00e6sker eller gasser, eksplosiver, eller annet som kan volde skade eller medf\u00f8re fare. Du kan heller ikke lagre gjenstander som det er straffbart \u00e5 v\u00e6re i besittelse av.","faq_beskrivelse_3-by-undersider":"Det er veldig enkelt \u00e5 bestille ditt minilager rett p\u00e5 nett. Du kan bes\u00f8ke v\u00e5r Webapp, velge din st\u00f8rrelse, velge din minilager-avdeling og betale. Du har n\u00e5 umiddelbar tilgang til ditt minilager med digitale n\u00f8kler i Flexistore-appen som du laster ned fra App Store eller Google Play. Du kan ogs\u00e5 forh\u00e5ndsbestille ditt minilager her.","avdelingsoversikt-by-undersider":"[elementor-template id=\"5124\"]","kortkode_bykart-by-undersider":"[wpgmza id=\"9\"]","oembed_schema_markup":""},"_links":{"self":[{"href":"https:\/\/staging.flexistore.no\/en\/wp-json\/wp\/v2\/pages\/5122"}],"collection":[{"href":"https:\/\/staging.flexistore.no\/en\/wp-json\/wp\/v2\/pages"}],"about":[{"href":"https:\/\/staging.flexistore.no\/en\/wp-json\/wp\/v2\/types\/page"}],"author":[{"embeddable":true,"href":"https:\/\/staging.flexistore.no\/en\/wp-json\/wp\/v2\/users\/1"}],"replies":[{"embeddable":true,"href":"https:\/\/staging.flexistore.no\/en\/wp-json\/wp\/v2\/comments?post=5122"}],"version-history":[{"count":3,"href":"https:\/\/staging.flexistore.no\/en\/wp-json\/wp\/v2\/pages\/5122\/revisions"}],"predecessor-version":[{"id":5129,"href":"https:\/\/staging.flexistore.no\/en\/wp-json\/wp\/v2\/pages\/5122\/revisions\/5129"}],"up":[{"embeddable":true,"href":"https:\/\/staging.flexistore.no\/en\/wp-json\/wp\/v2\/pages\/99"}],"wp:attachment":[{"href":"https:\/\/staging.flexistore.no\/en\/wp-json\/wp\/v2\/media?parent=5122"}],"curies":[{"name":"wp","href":"https:\/\/api.w.org\/{rel}","templated":true}]}}