{"id":5112,"date":"2023-10-20T15:01:55","date_gmt":"2023-10-20T14:01:55","guid":{"rendered":"https:\/\/www.flexistore.no\/?page_id=5112"},"modified":"2023-11-27T14:16:32","modified_gmt":"2023-11-27T13:16:32","slug":"asane-xl","status":"publish","type":"page","link":"https:\/\/staging.flexistore.no\/en\/self-storage\/bergen\/asane-xl\/","title":{"rendered":"\u00c5sane XL"},"content":{"rendered":"","protected":false},"excerpt":{"rendered":"","protected":false},"author":1,"featured_media":0,"parent":371,"menu_order":0,"comment_status":"closed","ping_status":"closed","template":"","meta":{"_acf_changed":false,"footnotes":""},"acf":{"herobilde-avdeling-undersider":false,"adresse-avdeling-undersider":"Storbotn 110, 5106 \u00d8vre Ervik","google_my_business_tittel-avdeling-undersider":"Flexistore minilager avd. \u00c5sane XL","ikonliste_1-avdeling-undersider":"D\u00f8gn\u00e5pent og selvbetjent","ikonliste_2-avdeling-undersider":"Innend\u00f8rs og temperert","ikonliste_3-avdeling-undersider":"Lett tilgjengelig","ikonliste_4-avdeling-undersider":"Gratis kundeparkering","ikonliste_5-avdeling-undersider":"N\u00e6rme kollektivt","tekst_ikke_apnet_enda-avdeling-undersider":"\u00c5pner november 2023","latitude-avdeling-undersider":"60.452470","longitude-avdeling-undersider":"5.324970","lokasjonsbilder_karusell-avdeling-undersider":[{"id":5158,"title":"IMG_9203","caption":"","full_image_url":"https:\/\/staging.flexistore.no\/wp-content\/uploads\/2023\/11\/IMG_9203-scaled.jpg","thumbnail_image_url":"https:\/\/staging.flexistore.no\/wp-content\/uploads\/2023\/11\/IMG_9203-150x150.jpg","large_srcset":"https:\/\/staging.flexistore.no\/wp-content\/uploads\/2023\/11\/IMG_9203-768x1024.jpg 768w, https:\/\/staging.flexistore.no\/wp-content\/uploads\/2023\/11\/IMG_9203-225x300.jpg 225w, https:\/\/staging.flexistore.no\/wp-content\/uploads\/2023\/11\/IMG_9203-1152x1536.jpg 1152w, https:\/\/staging.flexistore.no\/wp-content\/uploads\/2023\/11\/IMG_9203-1536x2048.jpg 1536w, https:\/\/staging.flexistore.no\/wp-content\/uploads\/2023\/11\/IMG_9203-9x12.jpg 9w, https:\/\/staging.flexistore.no\/wp-content\/uploads\/2023\/11\/IMG_9203-scaled.jpg 1920w","medium_srcset":"https:\/\/staging.flexistore.no\/wp-content\/uploads\/2023\/11\/IMG_9203-225x300.jpg 225w, https:\/\/staging.flexistore.no\/wp-content\/uploads\/2023\/11\/IMG_9203-768x1024.jpg 768w, https:\/\/staging.flexistore.no\/wp-content\/uploads\/2023\/11\/IMG_9203-1152x1536.jpg 1152w, https:\/\/staging.flexistore.no\/wp-content\/uploads\/2023\/11\/IMG_9203-1536x2048.jpg 1536w, https:\/\/staging.flexistore.no\/wp-content\/uploads\/2023\/11\/IMG_9203-9x12.jpg 9w, https:\/\/staging.flexistore.no\/wp-content\/uploads\/2023\/11\/IMG_9203-scaled.jpg 1920w","url":"","target":""},{"id":5157,"title":"A\u030asane_XL","caption":"","full_image_url":"https:\/\/staging.flexistore.no\/wp-content\/uploads\/2023\/11\/Asane_XL-scaled.jpg","thumbnail_image_url":"https:\/\/staging.flexistore.no\/wp-content\/uploads\/2023\/11\/Asane_XL-150x150.jpg","large_srcset":"https:\/\/staging.flexistore.no\/wp-content\/uploads\/2023\/11\/Asane_XL-1024x965.jpg 1024w, https:\/\/staging.flexistore.no\/wp-content\/uploads\/2023\/11\/Asane_XL-300x283.jpg 300w, https:\/\/staging.flexistore.no\/wp-content\/uploads\/2023\/11\/Asane_XL-768x724.jpg 768w, https:\/\/staging.flexistore.no\/wp-content\/uploads\/2023\/11\/Asane_XL-1536x1447.jpg 1536w, https:\/\/staging.flexistore.no\/wp-content\/uploads\/2023\/11\/Asane_XL-2048x1930.jpg 2048w, https:\/\/staging.flexistore.no\/wp-content\/uploads\/2023\/11\/Asane_XL-13x12.jpg 13w","medium_srcset":"https:\/\/staging.flexistore.no\/wp-content\/uploads\/2023\/11\/Asane_XL-300x283.jpg 300w, https:\/\/staging.flexistore.no\/wp-content\/uploads\/2023\/11\/Asane_XL-1024x965.jpg 1024w, https:\/\/staging.flexistore.no\/wp-content\/uploads\/2023\/11\/Asane_XL-768x724.jpg 768w, https:\/\/staging.flexistore.no\/wp-content\/uploads\/2023\/11\/Asane_XL-1536x1447.jpg 1536w, https:\/\/staging.flexistore.no\/wp-content\/uploads\/2023\/11\/Asane_XL-2048x1930.jpg 2048w, https:\/\/staging.flexistore.no\/wp-content\/uploads\/2023\/11\/Asane_XL-13x12.jpg 13w","url":"","target":""}],"photo_gallery":{"lokasjonsbilder_karusell-avdeling-undersider":[[{"id":5158,"title":"IMG_9203","caption":"","full_image_url":"https:\/\/staging.flexistore.no\/wp-content\/uploads\/2023\/11\/IMG_9203-scaled.jpg","thumbnail_image_url":"https:\/\/staging.flexistore.no\/wp-content\/uploads\/2023\/11\/IMG_9203-150x150.jpg","large_srcset":"https:\/\/staging.flexistore.no\/wp-content\/uploads\/2023\/11\/IMG_9203-768x1024.jpg 768w, https:\/\/staging.flexistore.no\/wp-content\/uploads\/2023\/11\/IMG_9203-225x300.jpg 225w, https:\/\/staging.flexistore.no\/wp-content\/uploads\/2023\/11\/IMG_9203-1152x1536.jpg 1152w, https:\/\/staging.flexistore.no\/wp-content\/uploads\/2023\/11\/IMG_9203-1536x2048.jpg 1536w, https:\/\/staging.flexistore.no\/wp-content\/uploads\/2023\/11\/IMG_9203-9x12.jpg 9w, https:\/\/staging.flexistore.no\/wp-content\/uploads\/2023\/11\/IMG_9203-scaled.jpg 1920w","medium_srcset":"https:\/\/staging.flexistore.no\/wp-content\/uploads\/2023\/11\/IMG_9203-225x300.jpg 225w, https:\/\/staging.flexistore.no\/wp-content\/uploads\/2023\/11\/IMG_9203-768x1024.jpg 768w, https:\/\/staging.flexistore.no\/wp-content\/uploads\/2023\/11\/IMG_9203-1152x1536.jpg 1152w, https:\/\/staging.flexistore.no\/wp-content\/uploads\/2023\/11\/IMG_9203-1536x2048.jpg 1536w, https:\/\/staging.flexistore.no\/wp-content\/uploads\/2023\/11\/IMG_9203-9x12.jpg 9w, https:\/\/staging.flexistore.no\/wp-content\/uploads\/2023\/11\/IMG_9203-scaled.jpg 1920w","url":"","target":""},{"id":5157,"title":"A\u030asane_XL","caption":"","full_image_url":"https:\/\/staging.flexistore.no\/wp-content\/uploads\/2023\/11\/Asane_XL-scaled.jpg","thumbnail_image_url":"https:\/\/staging.flexistore.no\/wp-content\/uploads\/2023\/11\/Asane_XL-150x150.jpg","large_srcset":"https:\/\/staging.flexistore.no\/wp-content\/uploads\/2023\/11\/Asane_XL-1024x965.jpg 1024w, https:\/\/staging.flexistore.no\/wp-content\/uploads\/2023\/11\/Asane_XL-300x283.jpg 300w, https:\/\/staging.flexistore.no\/wp-content\/uploads\/2023\/11\/Asane_XL-768x724.jpg 768w, https:\/\/staging.flexistore.no\/wp-content\/uploads\/2023\/11\/Asane_XL-1536x1447.jpg 1536w, https:\/\/staging.flexistore.no\/wp-content\/uploads\/2023\/11\/Asane_XL-2048x1930.jpg 2048w, https:\/\/staging.flexistore.no\/wp-content\/uploads\/2023\/11\/Asane_XL-13x12.jpg 13w","medium_srcset":"https:\/\/staging.flexistore.no\/wp-content\/uploads\/2023\/11\/Asane_XL-300x283.jpg 300w, https:\/\/staging.flexistore.no\/wp-content\/uploads\/2023\/11\/Asane_XL-1024x965.jpg 1024w, https:\/\/staging.flexistore.no\/wp-content\/uploads\/2023\/11\/Asane_XL-768x724.jpg 768w, https:\/\/staging.flexistore.no\/wp-content\/uploads\/2023\/11\/Asane_XL-1536x1447.jpg 1536w, https:\/\/staging.flexistore.no\/wp-content\/uploads\/2023\/11\/Asane_XL-2048x1930.jpg 2048w, https:\/\/staging.flexistore.no\/wp-content\/uploads\/2023\/11\/Asane_XL-13x12.jpg 13w","url":"","target":""}]]}},"_links":{"self":[{"href":"https:\/\/staging.flexistore.no\/en\/wp-json\/wp\/v2\/pages\/5112"}],"collection":[{"href":"https:\/\/staging.flexistore.no\/en\/wp-json\/wp\/v2\/pages"}],"about":[{"href":"https:\/\/staging.flexistore.no\/en\/wp-json\/wp\/v2\/types\/page"}],"author":[{"embeddable":true,"href":"https:\/\/staging.flexistore.no\/en\/wp-json\/wp\/v2\/users\/1"}],"replies":[{"embeddable":true,"href":"https:\/\/staging.flexistore.no\/en\/wp-json\/wp\/v2\/comments?post=5112"}],"version-history":[{"count":3,"href":"https:\/\/staging.flexistore.no\/en\/wp-json\/wp\/v2\/pages\/5112\/revisions"}],"predecessor-version":[{"id":5159,"href":"https:\/\/staging.flexistore.no\/en\/wp-json\/wp\/v2\/pages\/5112\/revisions\/5159"}],"up":[{"embeddable":true,"href":"https:\/\/staging.flexistore.no\/en\/wp-json\/wp\/v2\/pages\/371"}],"wp:attachment":[{"href":"https:\/\/staging.flexistore.no\/en\/wp-json\/wp\/v2\/media?parent=5112"}],"curies":[{"name":"wp","href":"https:\/\/api.w.org\/{rel}","templated":true}]}}