{"id":4970,"date":"2023-06-08T20:58:56","date_gmt":"2023-06-08T19:58:56","guid":{"rendered":"https:\/\/www.flexistore.no\/?page_id=4970"},"modified":"2023-10-16T11:44:02","modified_gmt":"2023-10-16T10:44:02","slug":"stadionparken","status":"publish","type":"page","link":"https:\/\/staging.flexistore.no\/en\/self-storage\/stavanger\/stadionparken\/","title":{"rendered":"Stadionparken"},"content":{"rendered":"","protected":false},"excerpt":{"rendered":"","protected":false},"author":1,"featured_media":0,"parent":375,"menu_order":0,"comment_status":"closed","ping_status":"closed","template":"","meta":{"_acf_changed":false,"footnotes":""},"acf":{"lokasjonsbilder_karusell-avdeling-undersider":[{"id":2814,"title":"Flexistore-Minilager-2","caption":"","full_image_url":"https:\/\/staging.flexistore.no\/wp-content\/uploads\/2022\/05\/Flexistore-Minilager-2.jpg","thumbnail_image_url":"https:\/\/staging.flexistore.no\/wp-content\/uploads\/2022\/05\/Flexistore-Minilager-2-150x150.jpg","large_srcset":"https:\/\/staging.flexistore.no\/wp-content\/uploads\/2022\/05\/Flexistore-Minilager-2-768x1024.jpg 768w, https:\/\/staging.flexistore.no\/wp-content\/uploads\/2022\/05\/Flexistore-Minilager-2-225x300.jpg 225w, https:\/\/staging.flexistore.no\/wp-content\/uploads\/2022\/05\/Flexistore-Minilager-2-1152x1536.jpg 1152w, https:\/\/staging.flexistore.no\/wp-content\/uploads\/2022\/05\/Flexistore-Minilager-2-1536x2048.jpg 1536w, https:\/\/staging.flexistore.no\/wp-content\/uploads\/2022\/05\/Flexistore-Minilager-2-9x12.jpg 9w, https:\/\/staging.flexistore.no\/wp-content\/uploads\/2022\/05\/Flexistore-Minilager-2.jpg 1920w","medium_srcset":"https:\/\/staging.flexistore.no\/wp-content\/uploads\/2022\/05\/Flexistore-Minilager-2-225x300.jpg 225w, https:\/\/staging.flexistore.no\/wp-content\/uploads\/2022\/05\/Flexistore-Minilager-2-768x1024.jpg 768w, https:\/\/staging.flexistore.no\/wp-content\/uploads\/2022\/05\/Flexistore-Minilager-2-1152x1536.jpg 1152w, https:\/\/staging.flexistore.no\/wp-content\/uploads\/2022\/05\/Flexistore-Minilager-2-1536x2048.jpg 1536w, https:\/\/staging.flexistore.no\/wp-content\/uploads\/2022\/05\/Flexistore-Minilager-2-9x12.jpg 9w, https:\/\/staging.flexistore.no\/wp-content\/uploads\/2022\/05\/Flexistore-Minilager-2.jpg 1920w","url":"","target":""},{"id":4956,"title":"flexistore-minilager-gj\u00f8vik-storgata (4)","caption":"","full_image_url":"https:\/\/staging.flexistore.no\/wp-content\/uploads\/2023\/06\/flexistore-minilager-gjovik-storgata-4-scaled.jpg","thumbnail_image_url":"https:\/\/staging.flexistore.no\/wp-content\/uploads\/2023\/06\/flexistore-minilager-gjovik-storgata-4-150x150.jpg","large_srcset":"https:\/\/staging.flexistore.no\/wp-content\/uploads\/2023\/06\/flexistore-minilager-gjovik-storgata-4-768x1024.jpg 768w, https:\/\/staging.flexistore.no\/wp-content\/uploads\/2023\/06\/flexistore-minilager-gjovik-storgata-4-225x300.jpg 225w, https:\/\/staging.flexistore.no\/wp-content\/uploads\/2023\/06\/flexistore-minilager-gjovik-storgata-4-1152x1536.jpg 1152w, https:\/\/staging.flexistore.no\/wp-content\/uploads\/2023\/06\/flexistore-minilager-gjovik-storgata-4-1536x2048.jpg 1536w, https:\/\/staging.flexistore.no\/wp-content\/uploads\/2023\/06\/flexistore-minilager-gjovik-storgata-4-9x12.jpg 9w, https:\/\/staging.flexistore.no\/wp-content\/uploads\/2023\/06\/flexistore-minilager-gjovik-storgata-4-scaled.jpg 1920w","medium_srcset":"https:\/\/staging.flexistore.no\/wp-content\/uploads\/2023\/06\/flexistore-minilager-gjovik-storgata-4-225x300.jpg 225w, https:\/\/staging.flexistore.no\/wp-content\/uploads\/2023\/06\/flexistore-minilager-gjovik-storgata-4-768x1024.jpg 768w, https:\/\/staging.flexistore.no\/wp-content\/uploads\/2023\/06\/flexistore-minilager-gjovik-storgata-4-1152x1536.jpg 1152w, https:\/\/staging.flexistore.no\/wp-content\/uploads\/2023\/06\/flexistore-minilager-gjovik-storgata-4-1536x2048.jpg 1536w, https:\/\/staging.flexistore.no\/wp-content\/uploads\/2023\/06\/flexistore-minilager-gjovik-storgata-4-9x12.jpg 9w, https:\/\/staging.flexistore.no\/wp-content\/uploads\/2023\/06\/flexistore-minilager-gjovik-storgata-4-scaled.jpg 1920w","url":"","target":""},{"id":4955,"title":"flexistore-minilager-gj\u00f8vik-storgata (3)","caption":"","full_image_url":"https:\/\/staging.flexistore.no\/wp-content\/uploads\/2023\/06\/flexistore-minilager-gjovik-storgata-3-scaled.jpg","thumbnail_image_url":"https:\/\/staging.flexistore.no\/wp-content\/uploads\/2023\/06\/flexistore-minilager-gjovik-storgata-3-150x150.jpg","large_srcset":"https:\/\/staging.flexistore.no\/wp-content\/uploads\/2023\/06\/flexistore-minilager-gjovik-storgata-3-768x1024.jpg 768w, https:\/\/staging.flexistore.no\/wp-content\/uploads\/2023\/06\/flexistore-minilager-gjovik-storgata-3-225x300.jpg 225w, https:\/\/staging.flexistore.no\/wp-content\/uploads\/2023\/06\/flexistore-minilager-gjovik-storgata-3-1152x1536.jpg 1152w, https:\/\/staging.flexistore.no\/wp-content\/uploads\/2023\/06\/flexistore-minilager-gjovik-storgata-3-1536x2048.jpg 1536w, https:\/\/staging.flexistore.no\/wp-content\/uploads\/2023\/06\/flexistore-minilager-gjovik-storgata-3-9x12.jpg 9w, https:\/\/staging.flexistore.no\/wp-content\/uploads\/2023\/06\/flexistore-minilager-gjovik-storgata-3-scaled.jpg 1920w","medium_srcset":"https:\/\/staging.flexistore.no\/wp-content\/uploads\/2023\/06\/flexistore-minilager-gjovik-storgata-3-225x300.jpg 225w, https:\/\/staging.flexistore.no\/wp-content\/uploads\/2023\/06\/flexistore-minilager-gjovik-storgata-3-768x1024.jpg 768w, https:\/\/staging.flexistore.no\/wp-content\/uploads\/2023\/06\/flexistore-minilager-gjovik-storgata-3-1152x1536.jpg 1152w, https:\/\/staging.flexistore.no\/wp-content\/uploads\/2023\/06\/flexistore-minilager-gjovik-storgata-3-1536x2048.jpg 1536w, https:\/\/staging.flexistore.no\/wp-content\/uploads\/2023\/06\/flexistore-minilager-gjovik-storgata-3-9x12.jpg 9w, https:\/\/staging.flexistore.no\/wp-content\/uploads\/2023\/06\/flexistore-minilager-gjovik-storgata-3-scaled.jpg 1920w","url":"","target":""}],"herobilde-avdeling-undersider":false,"adresse-avdeling-undersider":"J\u00e5tt\u00e5v\u00e5gveien 7, 4020 Stavanger","google_my_business_tittel-avdeling-undersider":"Flexistore minilager Stadionparken","ikonliste_1-avdeling-undersider":"D\u00f8gn\u00e5pent og selvbetjent","ikonliste_2-avdeling-undersider":"Innend\u00f8rs og temperert","ikonliste_3-avdeling-undersider":"Lett tilgjengelig","ikonliste_4-avdeling-undersider":"Gratis kundeparkering","ikonliste_5-avdeling-undersider":"N\u00e6rme kollektivt","tekst_ikke_apnet_enda-avdeling-undersider":"","latitude-avdeling-undersider":"58.91459","longitude-avdeling-undersider":"5.728739","photo_gallery":{"lokasjonsbilder_karusell-avdeling-undersider":[[{"id":2814,"title":"Flexistore-Minilager-2","caption":"","full_image_url":"https:\/\/staging.flexistore.no\/wp-content\/uploads\/2022\/05\/Flexistore-Minilager-2.jpg","thumbnail_image_url":"https:\/\/staging.flexistore.no\/wp-content\/uploads\/2022\/05\/Flexistore-Minilager-2-150x150.jpg","large_srcset":"https:\/\/staging.flexistore.no\/wp-content\/uploads\/2022\/05\/Flexistore-Minilager-2-768x1024.jpg 768w, https:\/\/staging.flexistore.no\/wp-content\/uploads\/2022\/05\/Flexistore-Minilager-2-225x300.jpg 225w, https:\/\/staging.flexistore.no\/wp-content\/uploads\/2022\/05\/Flexistore-Minilager-2-1152x1536.jpg 1152w, https:\/\/staging.flexistore.no\/wp-content\/uploads\/2022\/05\/Flexistore-Minilager-2-1536x2048.jpg 1536w, https:\/\/staging.flexistore.no\/wp-content\/uploads\/2022\/05\/Flexistore-Minilager-2-9x12.jpg 9w, https:\/\/staging.flexistore.no\/wp-content\/uploads\/2022\/05\/Flexistore-Minilager-2.jpg 1920w","medium_srcset":"https:\/\/staging.flexistore.no\/wp-content\/uploads\/2022\/05\/Flexistore-Minilager-2-225x300.jpg 225w, https:\/\/staging.flexistore.no\/wp-content\/uploads\/2022\/05\/Flexistore-Minilager-2-768x1024.jpg 768w, https:\/\/staging.flexistore.no\/wp-content\/uploads\/2022\/05\/Flexistore-Minilager-2-1152x1536.jpg 1152w, https:\/\/staging.flexistore.no\/wp-content\/uploads\/2022\/05\/Flexistore-Minilager-2-1536x2048.jpg 1536w, https:\/\/staging.flexistore.no\/wp-content\/uploads\/2022\/05\/Flexistore-Minilager-2-9x12.jpg 9w, https:\/\/staging.flexistore.no\/wp-content\/uploads\/2022\/05\/Flexistore-Minilager-2.jpg 1920w","url":"","target":""},{"id":4956,"title":"flexistore-minilager-gj\u00f8vik-storgata (4)","caption":"","full_image_url":"https:\/\/staging.flexistore.no\/wp-content\/uploads\/2023\/06\/flexistore-minilager-gjovik-storgata-4-scaled.jpg","thumbnail_image_url":"https:\/\/staging.flexistore.no\/wp-content\/uploads\/2023\/06\/flexistore-minilager-gjovik-storgata-4-150x150.jpg","large_srcset":"https:\/\/staging.flexistore.no\/wp-content\/uploads\/2023\/06\/flexistore-minilager-gjovik-storgata-4-768x1024.jpg 768w, https:\/\/staging.flexistore.no\/wp-content\/uploads\/2023\/06\/flexistore-minilager-gjovik-storgata-4-225x300.jpg 225w, https:\/\/staging.flexistore.no\/wp-content\/uploads\/2023\/06\/flexistore-minilager-gjovik-storgata-4-1152x1536.jpg 1152w, https:\/\/staging.flexistore.no\/wp-content\/uploads\/2023\/06\/flexistore-minilager-gjovik-storgata-4-1536x2048.jpg 1536w, https:\/\/staging.flexistore.no\/wp-content\/uploads\/2023\/06\/flexistore-minilager-gjovik-storgata-4-9x12.jpg 9w, https:\/\/staging.flexistore.no\/wp-content\/uploads\/2023\/06\/flexistore-minilager-gjovik-storgata-4-scaled.jpg 1920w","medium_srcset":"https:\/\/staging.flexistore.no\/wp-content\/uploads\/2023\/06\/flexistore-minilager-gjovik-storgata-4-225x300.jpg 225w, https:\/\/staging.flexistore.no\/wp-content\/uploads\/2023\/06\/flexistore-minilager-gjovik-storgata-4-768x1024.jpg 768w, https:\/\/staging.flexistore.no\/wp-content\/uploads\/2023\/06\/flexistore-minilager-gjovik-storgata-4-1152x1536.jpg 1152w, https:\/\/staging.flexistore.no\/wp-content\/uploads\/2023\/06\/flexistore-minilager-gjovik-storgata-4-1536x2048.jpg 1536w, https:\/\/staging.flexistore.no\/wp-content\/uploads\/2023\/06\/flexistore-minilager-gjovik-storgata-4-9x12.jpg 9w, https:\/\/staging.flexistore.no\/wp-content\/uploads\/2023\/06\/flexistore-minilager-gjovik-storgata-4-scaled.jpg 1920w","url":"","target":""},{"id":4955,"title":"flexistore-minilager-gj\u00f8vik-storgata (3)","caption":"","full_image_url":"https:\/\/staging.flexistore.no\/wp-content\/uploads\/2023\/06\/flexistore-minilager-gjovik-storgata-3-scaled.jpg","thumbnail_image_url":"https:\/\/staging.flexistore.no\/wp-content\/uploads\/2023\/06\/flexistore-minilager-gjovik-storgata-3-150x150.jpg","large_srcset":"https:\/\/staging.flexistore.no\/wp-content\/uploads\/2023\/06\/flexistore-minilager-gjovik-storgata-3-768x1024.jpg 768w, https:\/\/staging.flexistore.no\/wp-content\/uploads\/2023\/06\/flexistore-minilager-gjovik-storgata-3-225x300.jpg 225w, https:\/\/staging.flexistore.no\/wp-content\/uploads\/2023\/06\/flexistore-minilager-gjovik-storgata-3-1152x1536.jpg 1152w, https:\/\/staging.flexistore.no\/wp-content\/uploads\/2023\/06\/flexistore-minilager-gjovik-storgata-3-1536x2048.jpg 1536w, https:\/\/staging.flexistore.no\/wp-content\/uploads\/2023\/06\/flexistore-minilager-gjovik-storgata-3-9x12.jpg 9w, https:\/\/staging.flexistore.no\/wp-content\/uploads\/2023\/06\/flexistore-minilager-gjovik-storgata-3-scaled.jpg 1920w","medium_srcset":"https:\/\/staging.flexistore.no\/wp-content\/uploads\/2023\/06\/flexistore-minilager-gjovik-storgata-3-225x300.jpg 225w, https:\/\/staging.flexistore.no\/wp-content\/uploads\/2023\/06\/flexistore-minilager-gjovik-storgata-3-768x1024.jpg 768w, https:\/\/staging.flexistore.no\/wp-content\/uploads\/2023\/06\/flexistore-minilager-gjovik-storgata-3-1152x1536.jpg 1152w, https:\/\/staging.flexistore.no\/wp-content\/uploads\/2023\/06\/flexistore-minilager-gjovik-storgata-3-1536x2048.jpg 1536w, https:\/\/staging.flexistore.no\/wp-content\/uploads\/2023\/06\/flexistore-minilager-gjovik-storgata-3-9x12.jpg 9w, https:\/\/staging.flexistore.no\/wp-content\/uploads\/2023\/06\/flexistore-minilager-gjovik-storgata-3-scaled.jpg 1920w","url":"","target":""}]]}},"_links":{"self":[{"href":"https:\/\/staging.flexistore.no\/en\/wp-json\/wp\/v2\/pages\/4970"}],"collection":[{"href":"https:\/\/staging.flexistore.no\/en\/wp-json\/wp\/v2\/pages"}],"about":[{"href":"https:\/\/staging.flexistore.no\/en\/wp-json\/wp\/v2\/types\/page"}],"author":[{"embeddable":true,"href":"https:\/\/staging.flexistore.no\/en\/wp-json\/wp\/v2\/users\/1"}],"replies":[{"embeddable":true,"href":"https:\/\/staging.flexistore.no\/en\/wp-json\/wp\/v2\/comments?post=4970"}],"version-history":[{"count":5,"href":"https:\/\/staging.flexistore.no\/en\/wp-json\/wp\/v2\/pages\/4970\/revisions"}],"predecessor-version":[{"id":5110,"href":"https:\/\/staging.flexistore.no\/en\/wp-json\/wp\/v2\/pages\/4970\/revisions\/5110"}],"up":[{"embeddable":true,"href":"https:\/\/staging.flexistore.no\/en\/wp-json\/wp\/v2\/pages\/375"}],"wp:attachment":[{"href":"https:\/\/staging.flexistore.no\/en\/wp-json\/wp\/v2\/media?parent=4970"}],"curies":[{"name":"wp","href":"https:\/\/api.w.org\/{rel}","templated":true}]}}