{"id":4966,"date":"2023-06-08T20:51:03","date_gmt":"2023-06-08T19:51:03","guid":{"rendered":"https:\/\/www.flexistore.no\/?page_id=4966"},"modified":"2023-09-25T14:46:55","modified_gmt":"2023-09-25T13:46:55","slug":"etterstad","status":"publish","type":"page","link":"https:\/\/staging.flexistore.no\/en\/self-storage\/oslo\/etterstad\/","title":{"rendered":"Etterstad"},"content":{"rendered":"","protected":false},"excerpt":{"rendered":"","protected":false},"author":1,"featured_media":0,"parent":369,"menu_order":0,"comment_status":"closed","ping_status":"closed","template":"","meta":{"_acf_changed":false,"footnotes":""},"acf":{"herobilde-avdeling-undersider":false,"adresse-avdeling-undersider":"Ensj\u00f8veien 20","google_my_business_tittel-avdeling-undersider":"Flexistore Minilager Etterstad","ikonliste_1-avdeling-undersider":"D\u00f8gn\u00e5pent og selvbetjent","ikonliste_2-avdeling-undersider":"Innend\u00f8rs og temperert","ikonliste_3-avdeling-undersider":"Lett tilgjengelig","ikonliste_4-avdeling-undersider":"Gratis kundeparkering","ikonliste_5-avdeling-undersider":"N\u00e6rme kollektivt","tekst_ikke_apnet_enda-avdeling-undersider":"","latitude-avdeling-undersider":"59.913570","longitude-avdeling-undersider":"10.789660","lokasjonsbilder_karusell-avdeling-undersider":[{"id":5101,"title":"\u00d8stre Aker vei 215 32","caption":"","full_image_url":"https:\/\/staging.flexistore.no\/wp-content\/uploads\/2023\/09\/Ostre-Aker-vei-215-32.jpg","thumbnail_image_url":"https:\/\/staging.flexistore.no\/wp-content\/uploads\/2023\/09\/Ostre-Aker-vei-215-32-150x150.jpg","large_srcset":"https:\/\/staging.flexistore.no\/wp-content\/uploads\/2023\/09\/Ostre-Aker-vei-215-32-1024x684.jpg 1024w, https:\/\/staging.flexistore.no\/wp-content\/uploads\/2023\/09\/Ostre-Aker-vei-215-32-300x200.jpg 300w, https:\/\/staging.flexistore.no\/wp-content\/uploads\/2023\/09\/Ostre-Aker-vei-215-32-768x513.jpg 768w, https:\/\/staging.flexistore.no\/wp-content\/uploads\/2023\/09\/Ostre-Aker-vei-215-32-1536x1025.jpg 1536w, https:\/\/staging.flexistore.no\/wp-content\/uploads\/2023\/09\/Ostre-Aker-vei-215-32-18x12.jpg 18w, https:\/\/staging.flexistore.no\/wp-content\/uploads\/2023\/09\/Ostre-Aker-vei-215-32.jpg 2048w","medium_srcset":"https:\/\/staging.flexistore.no\/wp-content\/uploads\/2023\/09\/Ostre-Aker-vei-215-32-300x200.jpg 300w, https:\/\/staging.flexistore.no\/wp-content\/uploads\/2023\/09\/Ostre-Aker-vei-215-32-1024x684.jpg 1024w, https:\/\/staging.flexistore.no\/wp-content\/uploads\/2023\/09\/Ostre-Aker-vei-215-32-768x513.jpg 768w, https:\/\/staging.flexistore.no\/wp-content\/uploads\/2023\/09\/Ostre-Aker-vei-215-32-1536x1025.jpg 1536w, https:\/\/staging.flexistore.no\/wp-content\/uploads\/2023\/09\/Ostre-Aker-vei-215-32-18x12.jpg 18w, https:\/\/staging.flexistore.no\/wp-content\/uploads\/2023\/09\/Ostre-Aker-vei-215-32.jpg 2048w","url":"","target":""},{"id":5100,"title":"\u00d8stre Aker vei 215 21","caption":"","full_image_url":"https:\/\/staging.flexistore.no\/wp-content\/uploads\/2023\/09\/Ostre-Aker-vei-215-21.jpg","thumbnail_image_url":"https:\/\/staging.flexistore.no\/wp-content\/uploads\/2023\/09\/Ostre-Aker-vei-215-21-150x150.jpg","large_srcset":"https:\/\/staging.flexistore.no\/wp-content\/uploads\/2023\/09\/Ostre-Aker-vei-215-21-1024x684.jpg 1024w, https:\/\/staging.flexistore.no\/wp-content\/uploads\/2023\/09\/Ostre-Aker-vei-215-21-300x200.jpg 300w, https:\/\/staging.flexistore.no\/wp-content\/uploads\/2023\/09\/Ostre-Aker-vei-215-21-768x513.jpg 768w, https:\/\/staging.flexistore.no\/wp-content\/uploads\/2023\/09\/Ostre-Aker-vei-215-21-1536x1025.jpg 1536w, https:\/\/staging.flexistore.no\/wp-content\/uploads\/2023\/09\/Ostre-Aker-vei-215-21-18x12.jpg 18w, https:\/\/staging.flexistore.no\/wp-content\/uploads\/2023\/09\/Ostre-Aker-vei-215-21.jpg 2048w","medium_srcset":"https:\/\/staging.flexistore.no\/wp-content\/uploads\/2023\/09\/Ostre-Aker-vei-215-21-300x200.jpg 300w, https:\/\/staging.flexistore.no\/wp-content\/uploads\/2023\/09\/Ostre-Aker-vei-215-21-1024x684.jpg 1024w, https:\/\/staging.flexistore.no\/wp-content\/uploads\/2023\/09\/Ostre-Aker-vei-215-21-768x513.jpg 768w, https:\/\/staging.flexistore.no\/wp-content\/uploads\/2023\/09\/Ostre-Aker-vei-215-21-1536x1025.jpg 1536w, https:\/\/staging.flexistore.no\/wp-content\/uploads\/2023\/09\/Ostre-Aker-vei-215-21-18x12.jpg 18w, https:\/\/staging.flexistore.no\/wp-content\/uploads\/2023\/09\/Ostre-Aker-vei-215-21.jpg 2048w","url":"","target":""},{"id":5099,"title":"\u00d8stre Aker vei 215 16","caption":"","full_image_url":"https:\/\/staging.flexistore.no\/wp-content\/uploads\/2023\/09\/Ostre-Aker-vei-215-16.jpg","thumbnail_image_url":"https:\/\/staging.flexistore.no\/wp-content\/uploads\/2023\/09\/Ostre-Aker-vei-215-16-150x150.jpg","large_srcset":"https:\/\/staging.flexistore.no\/wp-content\/uploads\/2023\/09\/Ostre-Aker-vei-215-16-1024x684.jpg 1024w, https:\/\/staging.flexistore.no\/wp-content\/uploads\/2023\/09\/Ostre-Aker-vei-215-16-300x200.jpg 300w, https:\/\/staging.flexistore.no\/wp-content\/uploads\/2023\/09\/Ostre-Aker-vei-215-16-768x513.jpg 768w, https:\/\/staging.flexistore.no\/wp-content\/uploads\/2023\/09\/Ostre-Aker-vei-215-16-1536x1025.jpg 1536w, https:\/\/staging.flexistore.no\/wp-content\/uploads\/2023\/09\/Ostre-Aker-vei-215-16-18x12.jpg 18w, https:\/\/staging.flexistore.no\/wp-content\/uploads\/2023\/09\/Ostre-Aker-vei-215-16.jpg 2048w","medium_srcset":"https:\/\/staging.flexistore.no\/wp-content\/uploads\/2023\/09\/Ostre-Aker-vei-215-16-300x200.jpg 300w, https:\/\/staging.flexistore.no\/wp-content\/uploads\/2023\/09\/Ostre-Aker-vei-215-16-1024x684.jpg 1024w, https:\/\/staging.flexistore.no\/wp-content\/uploads\/2023\/09\/Ostre-Aker-vei-215-16-768x513.jpg 768w, https:\/\/staging.flexistore.no\/wp-content\/uploads\/2023\/09\/Ostre-Aker-vei-215-16-1536x1025.jpg 1536w, https:\/\/staging.flexistore.no\/wp-content\/uploads\/2023\/09\/Ostre-Aker-vei-215-16-18x12.jpg 18w, https:\/\/staging.flexistore.no\/wp-content\/uploads\/2023\/09\/Ostre-Aker-vei-215-16.jpg 2048w","url":"","target":""}],"photo_gallery":{"lokasjonsbilder_karusell-avdeling-undersider":[[{"id":5101,"title":"\u00d8stre Aker vei 215 32","caption":"","full_image_url":"https:\/\/staging.flexistore.no\/wp-content\/uploads\/2023\/09\/Ostre-Aker-vei-215-32.jpg","thumbnail_image_url":"https:\/\/staging.flexistore.no\/wp-content\/uploads\/2023\/09\/Ostre-Aker-vei-215-32-150x150.jpg","large_srcset":"https:\/\/staging.flexistore.no\/wp-content\/uploads\/2023\/09\/Ostre-Aker-vei-215-32-1024x684.jpg 1024w, https:\/\/staging.flexistore.no\/wp-content\/uploads\/2023\/09\/Ostre-Aker-vei-215-32-300x200.jpg 300w, https:\/\/staging.flexistore.no\/wp-content\/uploads\/2023\/09\/Ostre-Aker-vei-215-32-768x513.jpg 768w, https:\/\/staging.flexistore.no\/wp-content\/uploads\/2023\/09\/Ostre-Aker-vei-215-32-1536x1025.jpg 1536w, https:\/\/staging.flexistore.no\/wp-content\/uploads\/2023\/09\/Ostre-Aker-vei-215-32-18x12.jpg 18w, https:\/\/staging.flexistore.no\/wp-content\/uploads\/2023\/09\/Ostre-Aker-vei-215-32.jpg 2048w","medium_srcset":"https:\/\/staging.flexistore.no\/wp-content\/uploads\/2023\/09\/Ostre-Aker-vei-215-32-300x200.jpg 300w, https:\/\/staging.flexistore.no\/wp-content\/uploads\/2023\/09\/Ostre-Aker-vei-215-32-1024x684.jpg 1024w, https:\/\/staging.flexistore.no\/wp-content\/uploads\/2023\/09\/Ostre-Aker-vei-215-32-768x513.jpg 768w, https:\/\/staging.flexistore.no\/wp-content\/uploads\/2023\/09\/Ostre-Aker-vei-215-32-1536x1025.jpg 1536w, https:\/\/staging.flexistore.no\/wp-content\/uploads\/2023\/09\/Ostre-Aker-vei-215-32-18x12.jpg 18w, https:\/\/staging.flexistore.no\/wp-content\/uploads\/2023\/09\/Ostre-Aker-vei-215-32.jpg 2048w","url":"","target":""},{"id":5100,"title":"\u00d8stre Aker vei 215 21","caption":"","full_image_url":"https:\/\/staging.flexistore.no\/wp-content\/uploads\/2023\/09\/Ostre-Aker-vei-215-21.jpg","thumbnail_image_url":"https:\/\/staging.flexistore.no\/wp-content\/uploads\/2023\/09\/Ostre-Aker-vei-215-21-150x150.jpg","large_srcset":"https:\/\/staging.flexistore.no\/wp-content\/uploads\/2023\/09\/Ostre-Aker-vei-215-21-1024x684.jpg 1024w, https:\/\/staging.flexistore.no\/wp-content\/uploads\/2023\/09\/Ostre-Aker-vei-215-21-300x200.jpg 300w, https:\/\/staging.flexistore.no\/wp-content\/uploads\/2023\/09\/Ostre-Aker-vei-215-21-768x513.jpg 768w, https:\/\/staging.flexistore.no\/wp-content\/uploads\/2023\/09\/Ostre-Aker-vei-215-21-1536x1025.jpg 1536w, https:\/\/staging.flexistore.no\/wp-content\/uploads\/2023\/09\/Ostre-Aker-vei-215-21-18x12.jpg 18w, https:\/\/staging.flexistore.no\/wp-content\/uploads\/2023\/09\/Ostre-Aker-vei-215-21.jpg 2048w","medium_srcset":"https:\/\/staging.flexistore.no\/wp-content\/uploads\/2023\/09\/Ostre-Aker-vei-215-21-300x200.jpg 300w, https:\/\/staging.flexistore.no\/wp-content\/uploads\/2023\/09\/Ostre-Aker-vei-215-21-1024x684.jpg 1024w, https:\/\/staging.flexistore.no\/wp-content\/uploads\/2023\/09\/Ostre-Aker-vei-215-21-768x513.jpg 768w, https:\/\/staging.flexistore.no\/wp-content\/uploads\/2023\/09\/Ostre-Aker-vei-215-21-1536x1025.jpg 1536w, https:\/\/staging.flexistore.no\/wp-content\/uploads\/2023\/09\/Ostre-Aker-vei-215-21-18x12.jpg 18w, https:\/\/staging.flexistore.no\/wp-content\/uploads\/2023\/09\/Ostre-Aker-vei-215-21.jpg 2048w","url":"","target":""},{"id":5099,"title":"\u00d8stre Aker vei 215 16","caption":"","full_image_url":"https:\/\/staging.flexistore.no\/wp-content\/uploads\/2023\/09\/Ostre-Aker-vei-215-16.jpg","thumbnail_image_url":"https:\/\/staging.flexistore.no\/wp-content\/uploads\/2023\/09\/Ostre-Aker-vei-215-16-150x150.jpg","large_srcset":"https:\/\/staging.flexistore.no\/wp-content\/uploads\/2023\/09\/Ostre-Aker-vei-215-16-1024x684.jpg 1024w, https:\/\/staging.flexistore.no\/wp-content\/uploads\/2023\/09\/Ostre-Aker-vei-215-16-300x200.jpg 300w, https:\/\/staging.flexistore.no\/wp-content\/uploads\/2023\/09\/Ostre-Aker-vei-215-16-768x513.jpg 768w, https:\/\/staging.flexistore.no\/wp-content\/uploads\/2023\/09\/Ostre-Aker-vei-215-16-1536x1025.jpg 1536w, https:\/\/staging.flexistore.no\/wp-content\/uploads\/2023\/09\/Ostre-Aker-vei-215-16-18x12.jpg 18w, https:\/\/staging.flexistore.no\/wp-content\/uploads\/2023\/09\/Ostre-Aker-vei-215-16.jpg 2048w","medium_srcset":"https:\/\/staging.flexistore.no\/wp-content\/uploads\/2023\/09\/Ostre-Aker-vei-215-16-300x200.jpg 300w, https:\/\/staging.flexistore.no\/wp-content\/uploads\/2023\/09\/Ostre-Aker-vei-215-16-1024x684.jpg 1024w, https:\/\/staging.flexistore.no\/wp-content\/uploads\/2023\/09\/Ostre-Aker-vei-215-16-768x513.jpg 768w, https:\/\/staging.flexistore.no\/wp-content\/uploads\/2023\/09\/Ostre-Aker-vei-215-16-1536x1025.jpg 1536w, https:\/\/staging.flexistore.no\/wp-content\/uploads\/2023\/09\/Ostre-Aker-vei-215-16-18x12.jpg 18w, https:\/\/staging.flexistore.no\/wp-content\/uploads\/2023\/09\/Ostre-Aker-vei-215-16.jpg 2048w","url":"","target":""}]]}},"_links":{"self":[{"href":"https:\/\/staging.flexistore.no\/en\/wp-json\/wp\/v2\/pages\/4966"}],"collection":[{"href":"https:\/\/staging.flexistore.no\/en\/wp-json\/wp\/v2\/pages"}],"about":[{"href":"https:\/\/staging.flexistore.no\/en\/wp-json\/wp\/v2\/types\/page"}],"author":[{"embeddable":true,"href":"https:\/\/staging.flexistore.no\/en\/wp-json\/wp\/v2\/users\/1"}],"replies":[{"embeddable":true,"href":"https:\/\/staging.flexistore.no\/en\/wp-json\/wp\/v2\/comments?post=4966"}],"version-history":[{"count":4,"href":"https:\/\/staging.flexistore.no\/en\/wp-json\/wp\/v2\/pages\/4966\/revisions"}],"predecessor-version":[{"id":5102,"href":"https:\/\/staging.flexistore.no\/en\/wp-json\/wp\/v2\/pages\/4966\/revisions\/5102"}],"up":[{"embeddable":true,"href":"https:\/\/staging.flexistore.no\/en\/wp-json\/wp\/v2\/pages\/369"}],"wp:attachment":[{"href":"https:\/\/staging.flexistore.no\/en\/wp-json\/wp\/v2\/media?parent=4966"}],"curies":[{"name":"wp","href":"https:\/\/api.w.org\/{rel}","templated":true}]}}