{"id":4667,"date":"2023-02-16T12:53:53","date_gmt":"2023-02-16T11:53:53","guid":{"rendered":"https:\/\/www.flexistore.no\/?page_id=4667"},"modified":"2023-08-22T12:46:09","modified_gmt":"2023-08-22T11:46:09","slug":"grorud","status":"publish","type":"page","link":"https:\/\/staging.flexistore.no\/en\/self-storage\/oslo\/grorud\/","title":{"rendered":"Grorud"},"content":{"rendered":"","protected":false},"excerpt":{"rendered":"","protected":false},"author":1,"featured_media":0,"parent":369,"menu_order":0,"comment_status":"closed","ping_status":"closed","template":"","meta":{"_acf_changed":false,"footnotes":""},"acf":{"lokasjonsbilder_karusell-avdeling-undersider":[{"id":5076,"title":"flexistore_minilager_grorud (3)","caption":"","full_image_url":"https:\/\/staging.flexistore.no\/wp-content\/uploads\/2023\/08\/flexistore_minilager_grorud-3-scaled.jpg","thumbnail_image_url":"https:\/\/staging.flexistore.no\/wp-content\/uploads\/2023\/08\/flexistore_minilager_grorud-3-150x150.jpg","large_srcset":"https:\/\/staging.flexistore.no\/wp-content\/uploads\/2023\/08\/flexistore_minilager_grorud-3-936x1024.jpg 936w, https:\/\/staging.flexistore.no\/wp-content\/uploads\/2023\/08\/flexistore_minilager_grorud-3-274x300.jpg 274w, https:\/\/staging.flexistore.no\/wp-content\/uploads\/2023\/08\/flexistore_minilager_grorud-3-768x840.jpg 768w, https:\/\/staging.flexistore.no\/wp-content\/uploads\/2023\/08\/flexistore_minilager_grorud-3-1405x1536.jpg 1405w, https:\/\/staging.flexistore.no\/wp-content\/uploads\/2023\/08\/flexistore_minilager_grorud-3-1873x2048.jpg 1873w, https:\/\/staging.flexistore.no\/wp-content\/uploads\/2023\/08\/flexistore_minilager_grorud-3-11x12.jpg 11w","medium_srcset":"https:\/\/staging.flexistore.no\/wp-content\/uploads\/2023\/08\/flexistore_minilager_grorud-3-274x300.jpg 274w, https:\/\/staging.flexistore.no\/wp-content\/uploads\/2023\/08\/flexistore_minilager_grorud-3-936x1024.jpg 936w, https:\/\/staging.flexistore.no\/wp-content\/uploads\/2023\/08\/flexistore_minilager_grorud-3-768x840.jpg 768w, https:\/\/staging.flexistore.no\/wp-content\/uploads\/2023\/08\/flexistore_minilager_grorud-3-1405x1536.jpg 1405w, https:\/\/staging.flexistore.no\/wp-content\/uploads\/2023\/08\/flexistore_minilager_grorud-3-1873x2048.jpg 1873w, https:\/\/staging.flexistore.no\/wp-content\/uploads\/2023\/08\/flexistore_minilager_grorud-3-11x12.jpg 11w","url":"","target":""},{"id":5075,"title":"flexistore_minilager_grorud (2)","caption":"","full_image_url":"https:\/\/staging.flexistore.no\/wp-content\/uploads\/2023\/08\/flexistore_minilager_grorud-2-scaled.jpg","thumbnail_image_url":"https:\/\/staging.flexistore.no\/wp-content\/uploads\/2023\/08\/flexistore_minilager_grorud-2-150x150.jpg","large_srcset":"https:\/\/staging.flexistore.no\/wp-content\/uploads\/2023\/08\/flexistore_minilager_grorud-2-768x1024.jpg 768w, https:\/\/staging.flexistore.no\/wp-content\/uploads\/2023\/08\/flexistore_minilager_grorud-2-225x300.jpg 225w, https:\/\/staging.flexistore.no\/wp-content\/uploads\/2023\/08\/flexistore_minilager_grorud-2-1152x1536.jpg 1152w, https:\/\/staging.flexistore.no\/wp-content\/uploads\/2023\/08\/flexistore_minilager_grorud-2-1536x2048.jpg 1536w, https:\/\/staging.flexistore.no\/wp-content\/uploads\/2023\/08\/flexistore_minilager_grorud-2-9x12.jpg 9w, https:\/\/staging.flexistore.no\/wp-content\/uploads\/2023\/08\/flexistore_minilager_grorud-2-scaled.jpg 1920w","medium_srcset":"https:\/\/staging.flexistore.no\/wp-content\/uploads\/2023\/08\/flexistore_minilager_grorud-2-225x300.jpg 225w, https:\/\/staging.flexistore.no\/wp-content\/uploads\/2023\/08\/flexistore_minilager_grorud-2-768x1024.jpg 768w, https:\/\/staging.flexistore.no\/wp-content\/uploads\/2023\/08\/flexistore_minilager_grorud-2-1152x1536.jpg 1152w, https:\/\/staging.flexistore.no\/wp-content\/uploads\/2023\/08\/flexistore_minilager_grorud-2-1536x2048.jpg 1536w, https:\/\/staging.flexistore.no\/wp-content\/uploads\/2023\/08\/flexistore_minilager_grorud-2-9x12.jpg 9w, https:\/\/staging.flexistore.no\/wp-content\/uploads\/2023\/08\/flexistore_minilager_grorud-2-scaled.jpg 1920w","url":"","target":""},{"id":5074,"title":"flexistore_minilager_grorud (1)","caption":"","full_image_url":"https:\/\/staging.flexistore.no\/wp-content\/uploads\/2023\/08\/flexistore_minilager_grorud-1-scaled.jpg","thumbnail_image_url":"https:\/\/staging.flexistore.no\/wp-content\/uploads\/2023\/08\/flexistore_minilager_grorud-1-150x150.jpg","large_srcset":"https:\/\/staging.flexistore.no\/wp-content\/uploads\/2023\/08\/flexistore_minilager_grorud-1-862x1024.jpg 862w, https:\/\/staging.flexistore.no\/wp-content\/uploads\/2023\/08\/flexistore_minilager_grorud-1-252x300.jpg 252w, https:\/\/staging.flexistore.no\/wp-content\/uploads\/2023\/08\/flexistore_minilager_grorud-1-768x913.jpg 768w, https:\/\/staging.flexistore.no\/wp-content\/uploads\/2023\/08\/flexistore_minilager_grorud-1-1293x1536.jpg 1293w, https:\/\/staging.flexistore.no\/wp-content\/uploads\/2023\/08\/flexistore_minilager_grorud-1-1724x2048.jpg 1724w, https:\/\/staging.flexistore.no\/wp-content\/uploads\/2023\/08\/flexistore_minilager_grorud-1-10x12.jpg 10w","medium_srcset":"https:\/\/staging.flexistore.no\/wp-content\/uploads\/2023\/08\/flexistore_minilager_grorud-1-252x300.jpg 252w, https:\/\/staging.flexistore.no\/wp-content\/uploads\/2023\/08\/flexistore_minilager_grorud-1-862x1024.jpg 862w, https:\/\/staging.flexistore.no\/wp-content\/uploads\/2023\/08\/flexistore_minilager_grorud-1-768x913.jpg 768w, https:\/\/staging.flexistore.no\/wp-content\/uploads\/2023\/08\/flexistore_minilager_grorud-1-1293x1536.jpg 1293w, https:\/\/staging.flexistore.no\/wp-content\/uploads\/2023\/08\/flexistore_minilager_grorud-1-1724x2048.jpg 1724w, https:\/\/staging.flexistore.no\/wp-content\/uploads\/2023\/08\/flexistore_minilager_grorud-1-10x12.jpg 10w","url":"","target":""}],"herobilde-avdeling-undersider":{"ID":4668,"id":4668,"title":"Minilager-Grorud","filename":"Minilager-Grorud.jpg","filesize":215615,"url":"https:\/\/staging.flexistore.no\/wp-content\/uploads\/2023\/02\/Minilager-Grorud.jpg","link":"https:\/\/staging.flexistore.no\/en\/self-storage\/oslo\/grorud\/attachment\/minilager-grorud\/","alt":"Minilager Grorud","author":"1","description":"","caption":"","name":"minilager-grorud","status":"inherit","uploaded_to":4667,"date":"2023-02-16 11:53:37","modified":"2023-02-16 11:53:44","menu_order":0,"mime_type":"image\/jpeg","type":"image","subtype":"jpeg","icon":"https:\/\/staging.flexistore.no\/wp-includes\/images\/media\/default.png","width":2560,"height":1707,"sizes":{"thumbnail":"https:\/\/staging.flexistore.no\/wp-content\/uploads\/2023\/02\/Minilager-Grorud-150x150.jpg","thumbnail-width":150,"thumbnail-height":150,"medium":"https:\/\/staging.flexistore.no\/wp-content\/uploads\/2023\/02\/Minilager-Grorud-300x200.jpg","medium-width":300,"medium-height":200,"medium_large":"https:\/\/staging.flexistore.no\/wp-content\/uploads\/2023\/02\/Minilager-Grorud-768x512.jpg","medium_large-width":768,"medium_large-height":512,"large":"https:\/\/staging.flexistore.no\/wp-content\/uploads\/2023\/02\/Minilager-Grorud-1024x683.jpg","large-width":800,"large-height":534,"1536x1536":"https:\/\/staging.flexistore.no\/wp-content\/uploads\/2023\/02\/Minilager-Grorud-1536x1024.jpg","1536x1536-width":1536,"1536x1536-height":1024,"2048x2048":"https:\/\/staging.flexistore.no\/wp-content\/uploads\/2023\/02\/Minilager-Grorud-2048x1366.jpg","2048x2048-width":2048,"2048x2048-height":1366,"trp-custom-language-flag":"https:\/\/staging.flexistore.no\/wp-content\/uploads\/2023\/02\/Minilager-Grorud-18x12.jpg","trp-custom-language-flag-width":18,"trp-custom-language-flag-height":12}},"adresse-avdeling-undersider":"\u00d8stre Aker vei 215, 0975 Oslo","google_my_business_tittel-avdeling-undersider":"Flexistore Minilager avd. Grorud","ikonliste_1-avdeling-undersider":"D\u00f8gn\u00e5pent og selvbetjent","ikonliste_2-avdeling-undersider":"Innend\u00f8rs og temperert","ikonliste_3-avdeling-undersider":"Lett tilgjengelig","ikonliste_4-avdeling-undersider":"Gratis kundeparkering","ikonliste_5-avdeling-undersider":"N\u00e6rme kollektivt","tekst_ikke_apnet_enda-avdeling-undersider":"","latitude-avdeling-undersider":"59.946104","longitude-avdeling-undersider":"10.876904","photo_gallery":{"lokasjonsbilder_karusell-avdeling-undersider":[[{"id":5076,"title":"flexistore_minilager_grorud (3)","caption":"","full_image_url":"https:\/\/staging.flexistore.no\/wp-content\/uploads\/2023\/08\/flexistore_minilager_grorud-3-scaled.jpg","thumbnail_image_url":"https:\/\/staging.flexistore.no\/wp-content\/uploads\/2023\/08\/flexistore_minilager_grorud-3-150x150.jpg","large_srcset":"https:\/\/staging.flexistore.no\/wp-content\/uploads\/2023\/08\/flexistore_minilager_grorud-3-936x1024.jpg 936w, https:\/\/staging.flexistore.no\/wp-content\/uploads\/2023\/08\/flexistore_minilager_grorud-3-274x300.jpg 274w, https:\/\/staging.flexistore.no\/wp-content\/uploads\/2023\/08\/flexistore_minilager_grorud-3-768x840.jpg 768w, https:\/\/staging.flexistore.no\/wp-content\/uploads\/2023\/08\/flexistore_minilager_grorud-3-1405x1536.jpg 1405w, https:\/\/staging.flexistore.no\/wp-content\/uploads\/2023\/08\/flexistore_minilager_grorud-3-1873x2048.jpg 1873w, https:\/\/staging.flexistore.no\/wp-content\/uploads\/2023\/08\/flexistore_minilager_grorud-3-11x12.jpg 11w","medium_srcset":"https:\/\/staging.flexistore.no\/wp-content\/uploads\/2023\/08\/flexistore_minilager_grorud-3-274x300.jpg 274w, https:\/\/staging.flexistore.no\/wp-content\/uploads\/2023\/08\/flexistore_minilager_grorud-3-936x1024.jpg 936w, https:\/\/staging.flexistore.no\/wp-content\/uploads\/2023\/08\/flexistore_minilager_grorud-3-768x840.jpg 768w, https:\/\/staging.flexistore.no\/wp-content\/uploads\/2023\/08\/flexistore_minilager_grorud-3-1405x1536.jpg 1405w, https:\/\/staging.flexistore.no\/wp-content\/uploads\/2023\/08\/flexistore_minilager_grorud-3-1873x2048.jpg 1873w, https:\/\/staging.flexistore.no\/wp-content\/uploads\/2023\/08\/flexistore_minilager_grorud-3-11x12.jpg 11w","url":"","target":""},{"id":5075,"title":"flexistore_minilager_grorud (2)","caption":"","full_image_url":"https:\/\/staging.flexistore.no\/wp-content\/uploads\/2023\/08\/flexistore_minilager_grorud-2-scaled.jpg","thumbnail_image_url":"https:\/\/staging.flexistore.no\/wp-content\/uploads\/2023\/08\/flexistore_minilager_grorud-2-150x150.jpg","large_srcset":"https:\/\/staging.flexistore.no\/wp-content\/uploads\/2023\/08\/flexistore_minilager_grorud-2-768x1024.jpg 768w, https:\/\/staging.flexistore.no\/wp-content\/uploads\/2023\/08\/flexistore_minilager_grorud-2-225x300.jpg 225w, https:\/\/staging.flexistore.no\/wp-content\/uploads\/2023\/08\/flexistore_minilager_grorud-2-1152x1536.jpg 1152w, https:\/\/staging.flexistore.no\/wp-content\/uploads\/2023\/08\/flexistore_minilager_grorud-2-1536x2048.jpg 1536w, https:\/\/staging.flexistore.no\/wp-content\/uploads\/2023\/08\/flexistore_minilager_grorud-2-9x12.jpg 9w, https:\/\/staging.flexistore.no\/wp-content\/uploads\/2023\/08\/flexistore_minilager_grorud-2-scaled.jpg 1920w","medium_srcset":"https:\/\/staging.flexistore.no\/wp-content\/uploads\/2023\/08\/flexistore_minilager_grorud-2-225x300.jpg 225w, https:\/\/staging.flexistore.no\/wp-content\/uploads\/2023\/08\/flexistore_minilager_grorud-2-768x1024.jpg 768w, https:\/\/staging.flexistore.no\/wp-content\/uploads\/2023\/08\/flexistore_minilager_grorud-2-1152x1536.jpg 1152w, https:\/\/staging.flexistore.no\/wp-content\/uploads\/2023\/08\/flexistore_minilager_grorud-2-1536x2048.jpg 1536w, https:\/\/staging.flexistore.no\/wp-content\/uploads\/2023\/08\/flexistore_minilager_grorud-2-9x12.jpg 9w, https:\/\/staging.flexistore.no\/wp-content\/uploads\/2023\/08\/flexistore_minilager_grorud-2-scaled.jpg 1920w","url":"","target":""},{"id":5074,"title":"flexistore_minilager_grorud (1)","caption":"","full_image_url":"https:\/\/staging.flexistore.no\/wp-content\/uploads\/2023\/08\/flexistore_minilager_grorud-1-scaled.jpg","thumbnail_image_url":"https:\/\/staging.flexistore.no\/wp-content\/uploads\/2023\/08\/flexistore_minilager_grorud-1-150x150.jpg","large_srcset":"https:\/\/staging.flexistore.no\/wp-content\/uploads\/2023\/08\/flexistore_minilager_grorud-1-862x1024.jpg 862w, https:\/\/staging.flexistore.no\/wp-content\/uploads\/2023\/08\/flexistore_minilager_grorud-1-252x300.jpg 252w, https:\/\/staging.flexistore.no\/wp-content\/uploads\/2023\/08\/flexistore_minilager_grorud-1-768x913.jpg 768w, https:\/\/staging.flexistore.no\/wp-content\/uploads\/2023\/08\/flexistore_minilager_grorud-1-1293x1536.jpg 1293w, https:\/\/staging.flexistore.no\/wp-content\/uploads\/2023\/08\/flexistore_minilager_grorud-1-1724x2048.jpg 1724w, https:\/\/staging.flexistore.no\/wp-content\/uploads\/2023\/08\/flexistore_minilager_grorud-1-10x12.jpg 10w","medium_srcset":"https:\/\/staging.flexistore.no\/wp-content\/uploads\/2023\/08\/flexistore_minilager_grorud-1-252x300.jpg 252w, https:\/\/staging.flexistore.no\/wp-content\/uploads\/2023\/08\/flexistore_minilager_grorud-1-862x1024.jpg 862w, https:\/\/staging.flexistore.no\/wp-content\/uploads\/2023\/08\/flexistore_minilager_grorud-1-768x913.jpg 768w, https:\/\/staging.flexistore.no\/wp-content\/uploads\/2023\/08\/flexistore_minilager_grorud-1-1293x1536.jpg 1293w, https:\/\/staging.flexistore.no\/wp-content\/uploads\/2023\/08\/flexistore_minilager_grorud-1-1724x2048.jpg 1724w, https:\/\/staging.flexistore.no\/wp-content\/uploads\/2023\/08\/flexistore_minilager_grorud-1-10x12.jpg 10w","url":"","target":""}]]}},"_links":{"self":[{"href":"https:\/\/staging.flexistore.no\/en\/wp-json\/wp\/v2\/pages\/4667"}],"collection":[{"href":"https:\/\/staging.flexistore.no\/en\/wp-json\/wp\/v2\/pages"}],"about":[{"href":"https:\/\/staging.flexistore.no\/en\/wp-json\/wp\/v2\/types\/page"}],"author":[{"embeddable":true,"href":"https:\/\/staging.flexistore.no\/en\/wp-json\/wp\/v2\/users\/1"}],"replies":[{"embeddable":true,"href":"https:\/\/staging.flexistore.no\/en\/wp-json\/wp\/v2\/comments?post=4667"}],"version-history":[{"count":4,"href":"https:\/\/staging.flexistore.no\/en\/wp-json\/wp\/v2\/pages\/4667\/revisions"}],"predecessor-version":[{"id":5077,"href":"https:\/\/staging.flexistore.no\/en\/wp-json\/wp\/v2\/pages\/4667\/revisions\/5077"}],"up":[{"embeddable":true,"href":"https:\/\/staging.flexistore.no\/en\/wp-json\/wp\/v2\/pages\/369"}],"wp:attachment":[{"href":"https:\/\/staging.flexistore.no\/en\/wp-json\/wp\/v2\/media?parent=4667"}],"curies":[{"name":"wp","href":"https:\/\/api.w.org\/{rel}","templated":true}]}}