{"id":381,"date":"2022-02-24T17:58:04","date_gmt":"2022-02-24T16:58:04","guid":{"rendered":"http:\/\/www.flexistore.no\/?page_id=381"},"modified":"2022-05-11T11:53:18","modified_gmt":"2022-05-11T10:53:18","slug":"ensjo","status":"publish","type":"page","link":"https:\/\/staging.flexistore.no\/en\/self-storage\/oslo\/ensjo\/","title":{"rendered":"Ensj\u00f8"},"content":{"rendered":"","protected":false},"excerpt":{"rendered":"","protected":false},"author":8,"featured_media":0,"parent":369,"menu_order":0,"comment_status":"closed","ping_status":"closed","template":"","meta":{"_acf_changed":false,"footnotes":""},"acf":{"lokasjonsbilder_karusell-avdeling-undersider":[{"id":2816,"title":"Flexistore-Minilager","caption":"","full_image_url":"https:\/\/staging.flexistore.no\/wp-content\/uploads\/2022\/05\/Flexistore-Minilager.jpg","thumbnail_image_url":"https:\/\/staging.flexistore.no\/wp-content\/uploads\/2022\/05\/Flexistore-Minilager-150x150.jpg","large_srcset":"https:\/\/staging.flexistore.no\/wp-content\/uploads\/2022\/05\/Flexistore-Minilager-1024x637.jpg 1024w, https:\/\/staging.flexistore.no\/wp-content\/uploads\/2022\/05\/Flexistore-Minilager-300x187.jpg 300w, https:\/\/staging.flexistore.no\/wp-content\/uploads\/2022\/05\/Flexistore-Minilager-768x478.jpg 768w, https:\/\/staging.flexistore.no\/wp-content\/uploads\/2022\/05\/Flexistore-Minilager-1536x956.jpg 1536w, https:\/\/staging.flexistore.no\/wp-content\/uploads\/2022\/05\/Flexistore-Minilager-2048x1274.jpg 2048w, https:\/\/staging.flexistore.no\/wp-content\/uploads\/2022\/05\/Flexistore-Minilager-18x12.jpg 18w","medium_srcset":"https:\/\/staging.flexistore.no\/wp-content\/uploads\/2022\/05\/Flexistore-Minilager-300x187.jpg 300w, https:\/\/staging.flexistore.no\/wp-content\/uploads\/2022\/05\/Flexistore-Minilager-1024x637.jpg 1024w, https:\/\/staging.flexistore.no\/wp-content\/uploads\/2022\/05\/Flexistore-Minilager-768x478.jpg 768w, https:\/\/staging.flexistore.no\/wp-content\/uploads\/2022\/05\/Flexistore-Minilager-1536x956.jpg 1536w, https:\/\/staging.flexistore.no\/wp-content\/uploads\/2022\/05\/Flexistore-Minilager-2048x1274.jpg 2048w, https:\/\/staging.flexistore.no\/wp-content\/uploads\/2022\/05\/Flexistore-Minilager-18x12.jpg 18w","url":"","target":""},{"id":2814,"title":"Flexistore-Minilager-2","caption":"","full_image_url":"https:\/\/staging.flexistore.no\/wp-content\/uploads\/2022\/05\/Flexistore-Minilager-2.jpg","thumbnail_image_url":"https:\/\/staging.flexistore.no\/wp-content\/uploads\/2022\/05\/Flexistore-Minilager-2-150x150.jpg","large_srcset":"https:\/\/staging.flexistore.no\/wp-content\/uploads\/2022\/05\/Flexistore-Minilager-2-768x1024.jpg 768w, https:\/\/staging.flexistore.no\/wp-content\/uploads\/2022\/05\/Flexistore-Minilager-2-225x300.jpg 225w, https:\/\/staging.flexistore.no\/wp-content\/uploads\/2022\/05\/Flexistore-Minilager-2-1152x1536.jpg 1152w, https:\/\/staging.flexistore.no\/wp-content\/uploads\/2022\/05\/Flexistore-Minilager-2-1536x2048.jpg 1536w, https:\/\/staging.flexistore.no\/wp-content\/uploads\/2022\/05\/Flexistore-Minilager-2-9x12.jpg 9w, https:\/\/staging.flexistore.no\/wp-content\/uploads\/2022\/05\/Flexistore-Minilager-2.jpg 1920w","medium_srcset":"https:\/\/staging.flexistore.no\/wp-content\/uploads\/2022\/05\/Flexistore-Minilager-2-225x300.jpg 225w, https:\/\/staging.flexistore.no\/wp-content\/uploads\/2022\/05\/Flexistore-Minilager-2-768x1024.jpg 768w, https:\/\/staging.flexistore.no\/wp-content\/uploads\/2022\/05\/Flexistore-Minilager-2-1152x1536.jpg 1152w, https:\/\/staging.flexistore.no\/wp-content\/uploads\/2022\/05\/Flexistore-Minilager-2-1536x2048.jpg 1536w, https:\/\/staging.flexistore.no\/wp-content\/uploads\/2022\/05\/Flexistore-Minilager-2-9x12.jpg 9w, https:\/\/staging.flexistore.no\/wp-content\/uploads\/2022\/05\/Flexistore-Minilager-2.jpg 1920w","url":"","target":""}],"herobilde-avdeling-undersider":{"ID":855,"id":855,"title":"Minilager Ensj\u00f8","filename":"Minilager-Ensjo.jpg","filesize":44310,"url":"https:\/\/staging.flexistore.no\/wp-content\/uploads\/2022\/03\/Minilager-Ensjo.jpg","link":"https:\/\/staging.flexistore.no\/en\/self-storage\/oslo\/ensjo\/attachment\/minilager-ensjo\/","alt":"Minilager Ensj\u00f8","author":"1","description":"","caption":"","name":"minilager-ensjo","status":"inherit","uploaded_to":381,"date":"2022-03-24 17:15:59","modified":"2022-03-24 17:26:01","menu_order":0,"mime_type":"image\/jpeg","type":"image","subtype":"jpeg","icon":"https:\/\/staging.flexistore.no\/wp-includes\/images\/media\/default.png","width":2560,"height":1707,"sizes":{"thumbnail":"https:\/\/staging.flexistore.no\/wp-content\/uploads\/2022\/03\/Minilager-Ensjo-150x150.jpg","thumbnail-width":150,"thumbnail-height":150,"medium":"https:\/\/staging.flexistore.no\/wp-content\/uploads\/2022\/03\/Minilager-Ensjo-300x200.jpg","medium-width":300,"medium-height":200,"medium_large":"https:\/\/staging.flexistore.no\/wp-content\/uploads\/2022\/03\/Minilager-Ensjo-768x512.jpg","medium_large-width":768,"medium_large-height":512,"large":"https:\/\/staging.flexistore.no\/wp-content\/uploads\/2022\/03\/Minilager-Ensjo-1024x683.jpg","large-width":800,"large-height":534,"1536x1536":"https:\/\/staging.flexistore.no\/wp-content\/uploads\/2022\/03\/Minilager-Ensjo-1536x1024.jpg","1536x1536-width":1536,"1536x1536-height":1024,"2048x2048":"https:\/\/staging.flexistore.no\/wp-content\/uploads\/2022\/03\/Minilager-Ensjo-2048x1366.jpg","2048x2048-width":2048,"2048x2048-height":1366,"trp-custom-language-flag":"https:\/\/staging.flexistore.no\/wp-content\/uploads\/2022\/03\/Minilager-Ensjo.jpg","trp-custom-language-flag-width":18,"trp-custom-language-flag-height":12}},"adresse-avdeling-undersider":"Ensj\u00f8veien 14-18, 0655 Oslo","google_my_business_tittel-avdeling-undersider":"Flexistore Minilager avd. Ensj\u00f8","ikonliste_1-avdeling-undersider":"Lett tilgjengelig i Oslo sentrum","ikonliste_2-avdeling-undersider":"Innend\u00f8rs og temperert","ikonliste_3-avdeling-undersider":"Gratis kundeparkering","ikonliste_4-avdeling-undersider":"D\u00f8gn\u00e5pent og selvbetjent","ikonliste_5-avdeling-undersider":"N\u00e6rme holdeplass Ensj\u00f8 T (2 min)","tekst_ikke_apnet_enda-avdeling-undersider":"","latitude-avdeling-undersider":"59.91393541338919","longitude-avdeling-undersider":"10.789088496482982","photo_gallery":{"lokasjonsbilder_karusell-avdeling-undersider":[[{"id":2816,"title":"Flexistore-Minilager","caption":"","full_image_url":"https:\/\/staging.flexistore.no\/wp-content\/uploads\/2022\/05\/Flexistore-Minilager.jpg","thumbnail_image_url":"https:\/\/staging.flexistore.no\/wp-content\/uploads\/2022\/05\/Flexistore-Minilager-150x150.jpg","large_srcset":"https:\/\/staging.flexistore.no\/wp-content\/uploads\/2022\/05\/Flexistore-Minilager-1024x637.jpg 1024w, https:\/\/staging.flexistore.no\/wp-content\/uploads\/2022\/05\/Flexistore-Minilager-300x187.jpg 300w, https:\/\/staging.flexistore.no\/wp-content\/uploads\/2022\/05\/Flexistore-Minilager-768x478.jpg 768w, https:\/\/staging.flexistore.no\/wp-content\/uploads\/2022\/05\/Flexistore-Minilager-1536x956.jpg 1536w, https:\/\/staging.flexistore.no\/wp-content\/uploads\/2022\/05\/Flexistore-Minilager-2048x1274.jpg 2048w, https:\/\/staging.flexistore.no\/wp-content\/uploads\/2022\/05\/Flexistore-Minilager-18x12.jpg 18w","medium_srcset":"https:\/\/staging.flexistore.no\/wp-content\/uploads\/2022\/05\/Flexistore-Minilager-300x187.jpg 300w, https:\/\/staging.flexistore.no\/wp-content\/uploads\/2022\/05\/Flexistore-Minilager-1024x637.jpg 1024w, https:\/\/staging.flexistore.no\/wp-content\/uploads\/2022\/05\/Flexistore-Minilager-768x478.jpg 768w, https:\/\/staging.flexistore.no\/wp-content\/uploads\/2022\/05\/Flexistore-Minilager-1536x956.jpg 1536w, https:\/\/staging.flexistore.no\/wp-content\/uploads\/2022\/05\/Flexistore-Minilager-2048x1274.jpg 2048w, https:\/\/staging.flexistore.no\/wp-content\/uploads\/2022\/05\/Flexistore-Minilager-18x12.jpg 18w","url":"","target":""},{"id":2814,"title":"Flexistore-Minilager-2","caption":"","full_image_url":"https:\/\/staging.flexistore.no\/wp-content\/uploads\/2022\/05\/Flexistore-Minilager-2.jpg","thumbnail_image_url":"https:\/\/staging.flexistore.no\/wp-content\/uploads\/2022\/05\/Flexistore-Minilager-2-150x150.jpg","large_srcset":"https:\/\/staging.flexistore.no\/wp-content\/uploads\/2022\/05\/Flexistore-Minilager-2-768x1024.jpg 768w, https:\/\/staging.flexistore.no\/wp-content\/uploads\/2022\/05\/Flexistore-Minilager-2-225x300.jpg 225w, https:\/\/staging.flexistore.no\/wp-content\/uploads\/2022\/05\/Flexistore-Minilager-2-1152x1536.jpg 1152w, https:\/\/staging.flexistore.no\/wp-content\/uploads\/2022\/05\/Flexistore-Minilager-2-1536x2048.jpg 1536w, https:\/\/staging.flexistore.no\/wp-content\/uploads\/2022\/05\/Flexistore-Minilager-2-9x12.jpg 9w, https:\/\/staging.flexistore.no\/wp-content\/uploads\/2022\/05\/Flexistore-Minilager-2.jpg 1920w","medium_srcset":"https:\/\/staging.flexistore.no\/wp-content\/uploads\/2022\/05\/Flexistore-Minilager-2-225x300.jpg 225w, https:\/\/staging.flexistore.no\/wp-content\/uploads\/2022\/05\/Flexistore-Minilager-2-768x1024.jpg 768w, https:\/\/staging.flexistore.no\/wp-content\/uploads\/2022\/05\/Flexistore-Minilager-2-1152x1536.jpg 1152w, https:\/\/staging.flexistore.no\/wp-content\/uploads\/2022\/05\/Flexistore-Minilager-2-1536x2048.jpg 1536w, https:\/\/staging.flexistore.no\/wp-content\/uploads\/2022\/05\/Flexistore-Minilager-2-9x12.jpg 9w, https:\/\/staging.flexistore.no\/wp-content\/uploads\/2022\/05\/Flexistore-Minilager-2.jpg 1920w","url":"","target":""}]]}},"_links":{"self":[{"href":"https:\/\/staging.flexistore.no\/en\/wp-json\/wp\/v2\/pages\/381"}],"collection":[{"href":"https:\/\/staging.flexistore.no\/en\/wp-json\/wp\/v2\/pages"}],"about":[{"href":"https:\/\/staging.flexistore.no\/en\/wp-json\/wp\/v2\/types\/page"}],"author":[{"embeddable":true,"href":"https:\/\/staging.flexistore.no\/en\/wp-json\/wp\/v2\/users\/8"}],"replies":[{"embeddable":true,"href":"https:\/\/staging.flexistore.no\/en\/wp-json\/wp\/v2\/comments?post=381"}],"version-history":[{"count":3,"href":"https:\/\/staging.flexistore.no\/en\/wp-json\/wp\/v2\/pages\/381\/revisions"}],"predecessor-version":[{"id":2686,"href":"https:\/\/staging.flexistore.no\/en\/wp-json\/wp\/v2\/pages\/381\/revisions\/2686"}],"up":[{"embeddable":true,"href":"https:\/\/staging.flexistore.no\/en\/wp-json\/wp\/v2\/pages\/369"}],"wp:attachment":[{"href":"https:\/\/staging.flexistore.no\/en\/wp-json\/wp\/v2\/media?parent=381"}],"curies":[{"name":"wp","href":"https:\/\/api.w.org\/{rel}","templated":true}]}}