{"id":3703,"date":"2022-08-31T17:14:37","date_gmt":"2022-08-31T16:14:37","guid":{"rendered":"https:\/\/www.flexistore.no\/?page_id=3703"},"modified":"2023-07-23T10:04:48","modified_gmt":"2023-07-23T09:04:48","slug":"leiraveien","status":"publish","type":"page","link":"https:\/\/staging.flexistore.no\/en\/self-storage\/lillestrom\/leiraveien\/","title":{"rendered":"Leiraveien"},"content":{"rendered":"","protected":false},"excerpt":{"rendered":"","protected":false},"author":1,"featured_media":0,"parent":1324,"menu_order":0,"comment_status":"closed","ping_status":"closed","template":"","meta":{"_acf_changed":false,"footnotes":""},"acf":{"lokasjonsbilder_karusell-avdeling-undersider":[{"id":5068,"title":"Til_nettside_Lillestr\u00f8m_","caption":"","full_image_url":"https:\/\/staging.flexistore.no\/wp-content\/uploads\/2023\/07\/Til_nettside_Lillestrom_-scaled.jpg","thumbnail_image_url":"https:\/\/staging.flexistore.no\/wp-content\/uploads\/2023\/07\/Til_nettside_Lillestrom_-150x150.jpg","large_srcset":"https:\/\/staging.flexistore.no\/wp-content\/uploads\/2023\/07\/Til_nettside_Lillestrom_-1024x956.jpg 1024w, https:\/\/staging.flexistore.no\/wp-content\/uploads\/2023\/07\/Til_nettside_Lillestrom_-300x280.jpg 300w, https:\/\/staging.flexistore.no\/wp-content\/uploads\/2023\/07\/Til_nettside_Lillestrom_-768x717.jpg 768w, https:\/\/staging.flexistore.no\/wp-content\/uploads\/2023\/07\/Til_nettside_Lillestrom_-1536x1434.jpg 1536w, https:\/\/staging.flexistore.no\/wp-content\/uploads\/2023\/07\/Til_nettside_Lillestrom_-2048x1912.jpg 2048w, https:\/\/staging.flexistore.no\/wp-content\/uploads\/2023\/07\/Til_nettside_Lillestrom_-13x12.jpg 13w","medium_srcset":"https:\/\/staging.flexistore.no\/wp-content\/uploads\/2023\/07\/Til_nettside_Lillestrom_-300x280.jpg 300w, https:\/\/staging.flexistore.no\/wp-content\/uploads\/2023\/07\/Til_nettside_Lillestrom_-1024x956.jpg 1024w, https:\/\/staging.flexistore.no\/wp-content\/uploads\/2023\/07\/Til_nettside_Lillestrom_-768x717.jpg 768w, https:\/\/staging.flexistore.no\/wp-content\/uploads\/2023\/07\/Til_nettside_Lillestrom_-1536x1434.jpg 1536w, https:\/\/staging.flexistore.no\/wp-content\/uploads\/2023\/07\/Til_nettside_Lillestrom_-2048x1912.jpg 2048w, https:\/\/staging.flexistore.no\/wp-content\/uploads\/2023\/07\/Til_nettside_Lillestrom_-13x12.jpg 13w","url":"","target":""},{"id":3965,"title":"Minilager lillestr\u00f8m 1","caption":"","full_image_url":"https:\/\/staging.flexistore.no\/wp-content\/uploads\/2022\/09\/Minilager-lillestrom-1-scaled.jpg","thumbnail_image_url":"https:\/\/staging.flexistore.no\/wp-content\/uploads\/2022\/09\/Minilager-lillestrom-1-150x150.jpg","large_srcset":"https:\/\/staging.flexistore.no\/wp-content\/uploads\/2022\/09\/Minilager-lillestrom-1-768x1024.jpg 768w, https:\/\/staging.flexistore.no\/wp-content\/uploads\/2022\/09\/Minilager-lillestrom-1-225x300.jpg 225w, https:\/\/staging.flexistore.no\/wp-content\/uploads\/2022\/09\/Minilager-lillestrom-1-1152x1536.jpg 1152w, https:\/\/staging.flexistore.no\/wp-content\/uploads\/2022\/09\/Minilager-lillestrom-1-1536x2048.jpg 1536w, https:\/\/staging.flexistore.no\/wp-content\/uploads\/2022\/09\/Minilager-lillestrom-1-9x12.jpg 9w, https:\/\/staging.flexistore.no\/wp-content\/uploads\/2022\/09\/Minilager-lillestrom-1-scaled.jpg 1920w","medium_srcset":"https:\/\/staging.flexistore.no\/wp-content\/uploads\/2022\/09\/Minilager-lillestrom-1-225x300.jpg 225w, https:\/\/staging.flexistore.no\/wp-content\/uploads\/2022\/09\/Minilager-lillestrom-1-768x1024.jpg 768w, https:\/\/staging.flexistore.no\/wp-content\/uploads\/2022\/09\/Minilager-lillestrom-1-1152x1536.jpg 1152w, https:\/\/staging.flexistore.no\/wp-content\/uploads\/2022\/09\/Minilager-lillestrom-1-1536x2048.jpg 1536w, https:\/\/staging.flexistore.no\/wp-content\/uploads\/2022\/09\/Minilager-lillestrom-1-9x12.jpg 9w, https:\/\/staging.flexistore.no\/wp-content\/uploads\/2022\/09\/Minilager-lillestrom-1-scaled.jpg 1920w","url":"","target":""}],"herobilde-avdeling-undersider":{"ID":3709,"id":3709,"title":"Minilager lillestr\u00f8m leiraveien","filename":"Minilager-lillestrom-leiraveien.jpg","filesize":215615,"url":"https:\/\/staging.flexistore.no\/wp-content\/uploads\/2022\/08\/Minilager-lillestrom-leiraveien.jpg","link":"https:\/\/staging.flexistore.no\/en\/self-storage\/lillestrom\/leiraveien\/attachment\/minilager-lillestrom-leiraveien\/","alt":"","author":"1","description":"","caption":"","name":"minilager-lillestrom-leiraveien","status":"inherit","uploaded_to":3703,"date":"2022-08-31 16:20:09","modified":"2022-08-31 16:20:09","menu_order":0,"mime_type":"image\/jpeg","type":"image","subtype":"jpeg","icon":"https:\/\/staging.flexistore.no\/wp-includes\/images\/media\/default.png","width":2560,"height":1707,"sizes":{"thumbnail":"https:\/\/staging.flexistore.no\/wp-content\/uploads\/2022\/08\/Minilager-lillestrom-leiraveien-150x150.jpg","thumbnail-width":150,"thumbnail-height":150,"medium":"https:\/\/staging.flexistore.no\/wp-content\/uploads\/2022\/08\/Minilager-lillestrom-leiraveien-300x200.jpg","medium-width":300,"medium-height":200,"medium_large":"https:\/\/staging.flexistore.no\/wp-content\/uploads\/2022\/08\/Minilager-lillestrom-leiraveien-768x512.jpg","medium_large-width":768,"medium_large-height":512,"large":"https:\/\/staging.flexistore.no\/wp-content\/uploads\/2022\/08\/Minilager-lillestrom-leiraveien-1024x683.jpg","large-width":800,"large-height":534,"1536x1536":"https:\/\/staging.flexistore.no\/wp-content\/uploads\/2022\/08\/Minilager-lillestrom-leiraveien-1536x1024.jpg","1536x1536-width":1536,"1536x1536-height":1024,"2048x2048":"https:\/\/staging.flexistore.no\/wp-content\/uploads\/2022\/08\/Minilager-lillestrom-leiraveien-2048x1366.jpg","2048x2048-width":2048,"2048x2048-height":1366,"trp-custom-language-flag":"https:\/\/staging.flexistore.no\/wp-content\/uploads\/2022\/08\/Minilager-lillestrom-leiraveien-18x12.jpg","trp-custom-language-flag-width":18,"trp-custom-language-flag-height":12}},"adresse-avdeling-undersider":"Leiraveien 11, 2000 Lillestr\u00f8m","google_my_business_tittel-avdeling-undersider":"Flexistore Minilager avd. Lillestr\u00f8m","ikonliste_1-avdeling-undersider":"D\u00f8gn\u00e5pent og selvbetjent","ikonliste_2-avdeling-undersider":"Innend\u00f8rs og temperert","ikonliste_3-avdeling-undersider":"Lett tilgjengelig","ikonliste_4-avdeling-undersider":"Gratis kundeparkering","ikonliste_5-avdeling-undersider":"N\u00e6rme kollektivt","tekst_ikke_apnet_enda-avdeling-undersider":"Lageret er ikke helt klart enda - estimert \u00e5pning h\u00f8sten 2022","latitude-avdeling-undersider":"59.965622839165206","longitude-avdeling-undersider":"11.068693121580644","photo_gallery":{"lokasjonsbilder_karusell-avdeling-undersider":[[{"id":5068,"title":"Til_nettside_Lillestr\u00f8m_","caption":"","full_image_url":"https:\/\/staging.flexistore.no\/wp-content\/uploads\/2023\/07\/Til_nettside_Lillestrom_-scaled.jpg","thumbnail_image_url":"https:\/\/staging.flexistore.no\/wp-content\/uploads\/2023\/07\/Til_nettside_Lillestrom_-150x150.jpg","large_srcset":"https:\/\/staging.flexistore.no\/wp-content\/uploads\/2023\/07\/Til_nettside_Lillestrom_-1024x956.jpg 1024w, https:\/\/staging.flexistore.no\/wp-content\/uploads\/2023\/07\/Til_nettside_Lillestrom_-300x280.jpg 300w, https:\/\/staging.flexistore.no\/wp-content\/uploads\/2023\/07\/Til_nettside_Lillestrom_-768x717.jpg 768w, https:\/\/staging.flexistore.no\/wp-content\/uploads\/2023\/07\/Til_nettside_Lillestrom_-1536x1434.jpg 1536w, https:\/\/staging.flexistore.no\/wp-content\/uploads\/2023\/07\/Til_nettside_Lillestrom_-2048x1912.jpg 2048w, https:\/\/staging.flexistore.no\/wp-content\/uploads\/2023\/07\/Til_nettside_Lillestrom_-13x12.jpg 13w","medium_srcset":"https:\/\/staging.flexistore.no\/wp-content\/uploads\/2023\/07\/Til_nettside_Lillestrom_-300x280.jpg 300w, https:\/\/staging.flexistore.no\/wp-content\/uploads\/2023\/07\/Til_nettside_Lillestrom_-1024x956.jpg 1024w, https:\/\/staging.flexistore.no\/wp-content\/uploads\/2023\/07\/Til_nettside_Lillestrom_-768x717.jpg 768w, https:\/\/staging.flexistore.no\/wp-content\/uploads\/2023\/07\/Til_nettside_Lillestrom_-1536x1434.jpg 1536w, https:\/\/staging.flexistore.no\/wp-content\/uploads\/2023\/07\/Til_nettside_Lillestrom_-2048x1912.jpg 2048w, https:\/\/staging.flexistore.no\/wp-content\/uploads\/2023\/07\/Til_nettside_Lillestrom_-13x12.jpg 13w","url":"","target":""},{"id":3965,"title":"Minilager lillestr\u00f8m 1","caption":"","full_image_url":"https:\/\/staging.flexistore.no\/wp-content\/uploads\/2022\/09\/Minilager-lillestrom-1-scaled.jpg","thumbnail_image_url":"https:\/\/staging.flexistore.no\/wp-content\/uploads\/2022\/09\/Minilager-lillestrom-1-150x150.jpg","large_srcset":"https:\/\/staging.flexistore.no\/wp-content\/uploads\/2022\/09\/Minilager-lillestrom-1-768x1024.jpg 768w, https:\/\/staging.flexistore.no\/wp-content\/uploads\/2022\/09\/Minilager-lillestrom-1-225x300.jpg 225w, https:\/\/staging.flexistore.no\/wp-content\/uploads\/2022\/09\/Minilager-lillestrom-1-1152x1536.jpg 1152w, https:\/\/staging.flexistore.no\/wp-content\/uploads\/2022\/09\/Minilager-lillestrom-1-1536x2048.jpg 1536w, https:\/\/staging.flexistore.no\/wp-content\/uploads\/2022\/09\/Minilager-lillestrom-1-9x12.jpg 9w, https:\/\/staging.flexistore.no\/wp-content\/uploads\/2022\/09\/Minilager-lillestrom-1-scaled.jpg 1920w","medium_srcset":"https:\/\/staging.flexistore.no\/wp-content\/uploads\/2022\/09\/Minilager-lillestrom-1-225x300.jpg 225w, https:\/\/staging.flexistore.no\/wp-content\/uploads\/2022\/09\/Minilager-lillestrom-1-768x1024.jpg 768w, https:\/\/staging.flexistore.no\/wp-content\/uploads\/2022\/09\/Minilager-lillestrom-1-1152x1536.jpg 1152w, https:\/\/staging.flexistore.no\/wp-content\/uploads\/2022\/09\/Minilager-lillestrom-1-1536x2048.jpg 1536w, https:\/\/staging.flexistore.no\/wp-content\/uploads\/2022\/09\/Minilager-lillestrom-1-9x12.jpg 9w, https:\/\/staging.flexistore.no\/wp-content\/uploads\/2022\/09\/Minilager-lillestrom-1-scaled.jpg 1920w","url":"","target":""}]]}},"_links":{"self":[{"href":"https:\/\/staging.flexistore.no\/en\/wp-json\/wp\/v2\/pages\/3703"}],"collection":[{"href":"https:\/\/staging.flexistore.no\/en\/wp-json\/wp\/v2\/pages"}],"about":[{"href":"https:\/\/staging.flexistore.no\/en\/wp-json\/wp\/v2\/types\/page"}],"author":[{"embeddable":true,"href":"https:\/\/staging.flexistore.no\/en\/wp-json\/wp\/v2\/users\/1"}],"replies":[{"embeddable":true,"href":"https:\/\/staging.flexistore.no\/en\/wp-json\/wp\/v2\/comments?post=3703"}],"version-history":[{"count":5,"href":"https:\/\/staging.flexistore.no\/en\/wp-json\/wp\/v2\/pages\/3703\/revisions"}],"predecessor-version":[{"id":3966,"href":"https:\/\/staging.flexistore.no\/en\/wp-json\/wp\/v2\/pages\/3703\/revisions\/3966"}],"up":[{"embeddable":true,"href":"https:\/\/staging.flexistore.no\/en\/wp-json\/wp\/v2\/pages\/1324"}],"wp:attachment":[{"href":"https:\/\/staging.flexistore.no\/en\/wp-json\/wp\/v2\/media?parent=3703"}],"curies":[{"name":"wp","href":"https:\/\/api.w.org\/{rel}","templated":true}]}}