{"id":2427,"date":"2022-04-26T08:16:23","date_gmt":"2022-04-26T07:16:23","guid":{"rendered":"https:\/\/www.flexistore.no\/?page_id=2427"},"modified":"2022-05-11T11:58:41","modified_gmt":"2022-05-11T10:58:41","slug":"paradis","status":"publish","type":"page","link":"https:\/\/staging.flexistore.no\/en\/self-storage\/stavanger\/paradis\/","title":{"rendered":"Paradis"},"content":{"rendered":"","protected":false},"excerpt":{"rendered":"","protected":false},"author":8,"featured_media":0,"parent":375,"menu_order":0,"comment_status":"closed","ping_status":"closed","template":"","meta":{"_acf_changed":false,"footnotes":""},"acf":{"herobilde-avdeling-undersider":{"ID":2430,"id":2430,"title":"Minilager Paradis","filename":"Minilager-Paradis.jpg","filesize":44310,"url":"https:\/\/staging.flexistore.no\/wp-content\/uploads\/2022\/04\/Minilager-Paradis.jpg","link":"https:\/\/staging.flexistore.no\/en\/self-storage\/stavanger\/paradis\/attachment\/minilager-paradis\/","alt":"Minilager Paradis","author":"1","description":"","caption":"","name":"minilager-paradis","status":"inherit","uploaded_to":2427,"date":"2022-04-26 07:21:06","modified":"2022-04-26 07:21:13","menu_order":0,"mime_type":"image\/jpeg","type":"image","subtype":"jpeg","icon":"https:\/\/staging.flexistore.no\/wp-includes\/images\/media\/default.png","width":2560,"height":1707,"sizes":{"thumbnail":"https:\/\/staging.flexistore.no\/wp-content\/uploads\/2022\/04\/Minilager-Paradis-150x150.jpg","thumbnail-width":150,"thumbnail-height":150,"medium":"https:\/\/staging.flexistore.no\/wp-content\/uploads\/2022\/04\/Minilager-Paradis-300x200.jpg","medium-width":300,"medium-height":200,"medium_large":"https:\/\/staging.flexistore.no\/wp-content\/uploads\/2022\/04\/Minilager-Paradis-768x512.jpg","medium_large-width":768,"medium_large-height":512,"large":"https:\/\/staging.flexistore.no\/wp-content\/uploads\/2022\/04\/Minilager-Paradis-1024x683.jpg","large-width":800,"large-height":534,"1536x1536":"https:\/\/staging.flexistore.no\/wp-content\/uploads\/2022\/04\/Minilager-Paradis-1536x1024.jpg","1536x1536-width":1536,"1536x1536-height":1024,"2048x2048":"https:\/\/staging.flexistore.no\/wp-content\/uploads\/2022\/04\/Minilager-Paradis-2048x1366.jpg","2048x2048-width":2048,"2048x2048-height":1366,"trp-custom-language-flag":"https:\/\/staging.flexistore.no\/wp-content\/uploads\/2022\/04\/Minilager-Paradis-18x12.jpg","trp-custom-language-flag-width":18,"trp-custom-language-flag-height":12}},"adresse-avdeling-undersider":" Lag\u00e5rdsveien 78, 4010 Stavanger","google_my_business_tittel-avdeling-undersider":"Flexistore Minilager avd. Stavanger Paradis","ikonliste_1-avdeling-undersider":"D\u00f8gn\u00e5pent og selvbetjent","ikonliste_2-avdeling-undersider":"Innend\u00f8rs og temperert","ikonliste_3-avdeling-undersider":"Lett tilgjengelig","ikonliste_4-avdeling-undersider":"Gratis kundeparkering","ikonliste_5-avdeling-undersider":"N\u00e6rme kollektivt","tekst_ikke_apnet_enda-avdeling-undersider":"","latitude-avdeling-undersider":"58.957988404764116","longitude-avdeling-undersider":"5.740462650606261","lokasjonsbilder_karusell-avdeling-undersider":[{"id":2814,"title":"Flexistore-Minilager-2","caption":"","full_image_url":"https:\/\/staging.flexistore.no\/wp-content\/uploads\/2022\/05\/Flexistore-Minilager-2.jpg","thumbnail_image_url":"https:\/\/staging.flexistore.no\/wp-content\/uploads\/2022\/05\/Flexistore-Minilager-2-150x150.jpg","large_srcset":"https:\/\/staging.flexistore.no\/wp-content\/uploads\/2022\/05\/Flexistore-Minilager-2-768x1024.jpg 768w, https:\/\/staging.flexistore.no\/wp-content\/uploads\/2022\/05\/Flexistore-Minilager-2-225x300.jpg 225w, https:\/\/staging.flexistore.no\/wp-content\/uploads\/2022\/05\/Flexistore-Minilager-2-1152x1536.jpg 1152w, https:\/\/staging.flexistore.no\/wp-content\/uploads\/2022\/05\/Flexistore-Minilager-2-1536x2048.jpg 1536w, https:\/\/staging.flexistore.no\/wp-content\/uploads\/2022\/05\/Flexistore-Minilager-2-9x12.jpg 9w, https:\/\/staging.flexistore.no\/wp-content\/uploads\/2022\/05\/Flexistore-Minilager-2.jpg 1920w","medium_srcset":"https:\/\/staging.flexistore.no\/wp-content\/uploads\/2022\/05\/Flexistore-Minilager-2-225x300.jpg 225w, https:\/\/staging.flexistore.no\/wp-content\/uploads\/2022\/05\/Flexistore-Minilager-2-768x1024.jpg 768w, https:\/\/staging.flexistore.no\/wp-content\/uploads\/2022\/05\/Flexistore-Minilager-2-1152x1536.jpg 1152w, https:\/\/staging.flexistore.no\/wp-content\/uploads\/2022\/05\/Flexistore-Minilager-2-1536x2048.jpg 1536w, https:\/\/staging.flexistore.no\/wp-content\/uploads\/2022\/05\/Flexistore-Minilager-2-9x12.jpg 9w, https:\/\/staging.flexistore.no\/wp-content\/uploads\/2022\/05\/Flexistore-Minilager-2.jpg 1920w","url":"","target":""},{"id":2815,"title":"Flexistore-Minilager-Mesanin","caption":"","full_image_url":"https:\/\/staging.flexistore.no\/wp-content\/uploads\/2022\/05\/Flexistore-Minilager-Mesanin.jpeg","thumbnail_image_url":"https:\/\/staging.flexistore.no\/wp-content\/uploads\/2022\/05\/Flexistore-Minilager-Mesanin-150x150.jpeg","large_srcset":"https:\/\/staging.flexistore.no\/wp-content\/uploads\/2022\/05\/Flexistore-Minilager-Mesanin-768x1024.jpeg 768w, https:\/\/staging.flexistore.no\/wp-content\/uploads\/2022\/05\/Flexistore-Minilager-Mesanin-225x300.jpeg 225w, https:\/\/staging.flexistore.no\/wp-content\/uploads\/2022\/05\/Flexistore-Minilager-Mesanin-1152x1536.jpeg 1152w, https:\/\/staging.flexistore.no\/wp-content\/uploads\/2022\/05\/Flexistore-Minilager-Mesanin-1536x2048.jpeg 1536w, https:\/\/staging.flexistore.no\/wp-content\/uploads\/2022\/05\/Flexistore-Minilager-Mesanin-9x12.jpeg 9w, https:\/\/staging.flexistore.no\/wp-content\/uploads\/2022\/05\/Flexistore-Minilager-Mesanin.jpeg 1920w","medium_srcset":"https:\/\/staging.flexistore.no\/wp-content\/uploads\/2022\/05\/Flexistore-Minilager-Mesanin-225x300.jpeg 225w, https:\/\/staging.flexistore.no\/wp-content\/uploads\/2022\/05\/Flexistore-Minilager-Mesanin-768x1024.jpeg 768w, https:\/\/staging.flexistore.no\/wp-content\/uploads\/2022\/05\/Flexistore-Minilager-Mesanin-1152x1536.jpeg 1152w, https:\/\/staging.flexistore.no\/wp-content\/uploads\/2022\/05\/Flexistore-Minilager-Mesanin-1536x2048.jpeg 1536w, https:\/\/staging.flexistore.no\/wp-content\/uploads\/2022\/05\/Flexistore-Minilager-Mesanin-9x12.jpeg 9w, https:\/\/staging.flexistore.no\/wp-content\/uploads\/2022\/05\/Flexistore-Minilager-Mesanin.jpeg 1920w","url":"","target":""},{"id":2816,"title":"Flexistore-Minilager","caption":"","full_image_url":"https:\/\/staging.flexistore.no\/wp-content\/uploads\/2022\/05\/Flexistore-Minilager.jpg","thumbnail_image_url":"https:\/\/staging.flexistore.no\/wp-content\/uploads\/2022\/05\/Flexistore-Minilager-150x150.jpg","large_srcset":"https:\/\/staging.flexistore.no\/wp-content\/uploads\/2022\/05\/Flexistore-Minilager-1024x637.jpg 1024w, https:\/\/staging.flexistore.no\/wp-content\/uploads\/2022\/05\/Flexistore-Minilager-300x187.jpg 300w, https:\/\/staging.flexistore.no\/wp-content\/uploads\/2022\/05\/Flexistore-Minilager-768x478.jpg 768w, https:\/\/staging.flexistore.no\/wp-content\/uploads\/2022\/05\/Flexistore-Minilager-1536x956.jpg 1536w, https:\/\/staging.flexistore.no\/wp-content\/uploads\/2022\/05\/Flexistore-Minilager-2048x1274.jpg 2048w, https:\/\/staging.flexistore.no\/wp-content\/uploads\/2022\/05\/Flexistore-Minilager-18x12.jpg 18w","medium_srcset":"https:\/\/staging.flexistore.no\/wp-content\/uploads\/2022\/05\/Flexistore-Minilager-300x187.jpg 300w, https:\/\/staging.flexistore.no\/wp-content\/uploads\/2022\/05\/Flexistore-Minilager-1024x637.jpg 1024w, https:\/\/staging.flexistore.no\/wp-content\/uploads\/2022\/05\/Flexistore-Minilager-768x478.jpg 768w, https:\/\/staging.flexistore.no\/wp-content\/uploads\/2022\/05\/Flexistore-Minilager-1536x956.jpg 1536w, https:\/\/staging.flexistore.no\/wp-content\/uploads\/2022\/05\/Flexistore-Minilager-2048x1274.jpg 2048w, https:\/\/staging.flexistore.no\/wp-content\/uploads\/2022\/05\/Flexistore-Minilager-18x12.jpg 18w","url":"","target":""}],"photo_gallery":{"lokasjonsbilder_karusell-avdeling-undersider":[[{"id":2814,"title":"Flexistore-Minilager-2","caption":"","full_image_url":"https:\/\/staging.flexistore.no\/wp-content\/uploads\/2022\/05\/Flexistore-Minilager-2.jpg","thumbnail_image_url":"https:\/\/staging.flexistore.no\/wp-content\/uploads\/2022\/05\/Flexistore-Minilager-2-150x150.jpg","large_srcset":"https:\/\/staging.flexistore.no\/wp-content\/uploads\/2022\/05\/Flexistore-Minilager-2-768x1024.jpg 768w, https:\/\/staging.flexistore.no\/wp-content\/uploads\/2022\/05\/Flexistore-Minilager-2-225x300.jpg 225w, https:\/\/staging.flexistore.no\/wp-content\/uploads\/2022\/05\/Flexistore-Minilager-2-1152x1536.jpg 1152w, https:\/\/staging.flexistore.no\/wp-content\/uploads\/2022\/05\/Flexistore-Minilager-2-1536x2048.jpg 1536w, https:\/\/staging.flexistore.no\/wp-content\/uploads\/2022\/05\/Flexistore-Minilager-2-9x12.jpg 9w, https:\/\/staging.flexistore.no\/wp-content\/uploads\/2022\/05\/Flexistore-Minilager-2.jpg 1920w","medium_srcset":"https:\/\/staging.flexistore.no\/wp-content\/uploads\/2022\/05\/Flexistore-Minilager-2-225x300.jpg 225w, https:\/\/staging.flexistore.no\/wp-content\/uploads\/2022\/05\/Flexistore-Minilager-2-768x1024.jpg 768w, https:\/\/staging.flexistore.no\/wp-content\/uploads\/2022\/05\/Flexistore-Minilager-2-1152x1536.jpg 1152w, https:\/\/staging.flexistore.no\/wp-content\/uploads\/2022\/05\/Flexistore-Minilager-2-1536x2048.jpg 1536w, https:\/\/staging.flexistore.no\/wp-content\/uploads\/2022\/05\/Flexistore-Minilager-2-9x12.jpg 9w, https:\/\/staging.flexistore.no\/wp-content\/uploads\/2022\/05\/Flexistore-Minilager-2.jpg 1920w","url":"","target":""},{"id":2815,"title":"Flexistore-Minilager-Mesanin","caption":"","full_image_url":"https:\/\/staging.flexistore.no\/wp-content\/uploads\/2022\/05\/Flexistore-Minilager-Mesanin.jpeg","thumbnail_image_url":"https:\/\/staging.flexistore.no\/wp-content\/uploads\/2022\/05\/Flexistore-Minilager-Mesanin-150x150.jpeg","large_srcset":"https:\/\/staging.flexistore.no\/wp-content\/uploads\/2022\/05\/Flexistore-Minilager-Mesanin-768x1024.jpeg 768w, https:\/\/staging.flexistore.no\/wp-content\/uploads\/2022\/05\/Flexistore-Minilager-Mesanin-225x300.jpeg 225w, https:\/\/staging.flexistore.no\/wp-content\/uploads\/2022\/05\/Flexistore-Minilager-Mesanin-1152x1536.jpeg 1152w, https:\/\/staging.flexistore.no\/wp-content\/uploads\/2022\/05\/Flexistore-Minilager-Mesanin-1536x2048.jpeg 1536w, https:\/\/staging.flexistore.no\/wp-content\/uploads\/2022\/05\/Flexistore-Minilager-Mesanin-9x12.jpeg 9w, https:\/\/staging.flexistore.no\/wp-content\/uploads\/2022\/05\/Flexistore-Minilager-Mesanin.jpeg 1920w","medium_srcset":"https:\/\/staging.flexistore.no\/wp-content\/uploads\/2022\/05\/Flexistore-Minilager-Mesanin-225x300.jpeg 225w, https:\/\/staging.flexistore.no\/wp-content\/uploads\/2022\/05\/Flexistore-Minilager-Mesanin-768x1024.jpeg 768w, https:\/\/staging.flexistore.no\/wp-content\/uploads\/2022\/05\/Flexistore-Minilager-Mesanin-1152x1536.jpeg 1152w, https:\/\/staging.flexistore.no\/wp-content\/uploads\/2022\/05\/Flexistore-Minilager-Mesanin-1536x2048.jpeg 1536w, https:\/\/staging.flexistore.no\/wp-content\/uploads\/2022\/05\/Flexistore-Minilager-Mesanin-9x12.jpeg 9w, https:\/\/staging.flexistore.no\/wp-content\/uploads\/2022\/05\/Flexistore-Minilager-Mesanin.jpeg 1920w","url":"","target":""},{"id":2816,"title":"Flexistore-Minilager","caption":"","full_image_url":"https:\/\/staging.flexistore.no\/wp-content\/uploads\/2022\/05\/Flexistore-Minilager.jpg","thumbnail_image_url":"https:\/\/staging.flexistore.no\/wp-content\/uploads\/2022\/05\/Flexistore-Minilager-150x150.jpg","large_srcset":"https:\/\/staging.flexistore.no\/wp-content\/uploads\/2022\/05\/Flexistore-Minilager-1024x637.jpg 1024w, https:\/\/staging.flexistore.no\/wp-content\/uploads\/2022\/05\/Flexistore-Minilager-300x187.jpg 300w, https:\/\/staging.flexistore.no\/wp-content\/uploads\/2022\/05\/Flexistore-Minilager-768x478.jpg 768w, https:\/\/staging.flexistore.no\/wp-content\/uploads\/2022\/05\/Flexistore-Minilager-1536x956.jpg 1536w, https:\/\/staging.flexistore.no\/wp-content\/uploads\/2022\/05\/Flexistore-Minilager-2048x1274.jpg 2048w, https:\/\/staging.flexistore.no\/wp-content\/uploads\/2022\/05\/Flexistore-Minilager-18x12.jpg 18w","medium_srcset":"https:\/\/staging.flexistore.no\/wp-content\/uploads\/2022\/05\/Flexistore-Minilager-300x187.jpg 300w, https:\/\/staging.flexistore.no\/wp-content\/uploads\/2022\/05\/Flexistore-Minilager-1024x637.jpg 1024w, https:\/\/staging.flexistore.no\/wp-content\/uploads\/2022\/05\/Flexistore-Minilager-768x478.jpg 768w, https:\/\/staging.flexistore.no\/wp-content\/uploads\/2022\/05\/Flexistore-Minilager-1536x956.jpg 1536w, https:\/\/staging.flexistore.no\/wp-content\/uploads\/2022\/05\/Flexistore-Minilager-2048x1274.jpg 2048w, https:\/\/staging.flexistore.no\/wp-content\/uploads\/2022\/05\/Flexistore-Minilager-18x12.jpg 18w","url":"","target":""}]]}},"_links":{"self":[{"href":"https:\/\/staging.flexistore.no\/en\/wp-json\/wp\/v2\/pages\/2427"}],"collection":[{"href":"https:\/\/staging.flexistore.no\/en\/wp-json\/wp\/v2\/pages"}],"about":[{"href":"https:\/\/staging.flexistore.no\/en\/wp-json\/wp\/v2\/types\/page"}],"author":[{"embeddable":true,"href":"https:\/\/staging.flexistore.no\/en\/wp-json\/wp\/v2\/users\/8"}],"replies":[{"embeddable":true,"href":"https:\/\/staging.flexistore.no\/en\/wp-json\/wp\/v2\/comments?post=2427"}],"version-history":[{"count":4,"href":"https:\/\/staging.flexistore.no\/en\/wp-json\/wp\/v2\/pages\/2427\/revisions"}],"predecessor-version":[{"id":2698,"href":"https:\/\/staging.flexistore.no\/en\/wp-json\/wp\/v2\/pages\/2427\/revisions\/2698"}],"up":[{"embeddable":true,"href":"https:\/\/staging.flexistore.no\/en\/wp-json\/wp\/v2\/pages\/375"}],"wp:attachment":[{"href":"https:\/\/staging.flexistore.no\/en\/wp-json\/wp\/v2\/media?parent=2427"}],"curies":[{"name":"wp","href":"https:\/\/api.w.org\/{rel}","templated":true}]}}