{"id":1668,"date":"2022-04-03T09:13:45","date_gmt":"2022-04-03T08:13:45","guid":{"rendered":"http:\/\/www.flexistore.no\/?page_id=1668"},"modified":"2022-12-01T20:07:26","modified_gmt":"2022-12-01T19:07:26","slug":"hundvag","status":"publish","type":"page","link":"https:\/\/staging.flexistore.no\/en\/self-storage\/stavanger\/hundvag\/","title":{"rendered":"Hundv\u00e5g"},"content":{"rendered":"","protected":false},"excerpt":{"rendered":"","protected":false},"author":8,"featured_media":0,"parent":375,"menu_order":0,"comment_status":"closed","ping_status":"closed","template":"","meta":{"_acf_changed":false,"footnotes":""},"acf":{"lokasjonsbilder_karusell-avdeling-undersider":[{"id":4357,"title":"Flexistore Minilager - Hundv\u00e5g (2)","caption":"","full_image_url":"https:\/\/staging.flexistore.no\/wp-content\/uploads\/2022\/12\/Flexistore-Minilager-Hundvag-2-scaled.jpg","thumbnail_image_url":"https:\/\/staging.flexistore.no\/wp-content\/uploads\/2022\/12\/Flexistore-Minilager-Hundvag-2-150x150.jpg","large_srcset":"https:\/\/staging.flexistore.no\/wp-content\/uploads\/2022\/12\/Flexistore-Minilager-Hundvag-2-768x1024.jpg 768w, https:\/\/staging.flexistore.no\/wp-content\/uploads\/2022\/12\/Flexistore-Minilager-Hundvag-2-225x300.jpg 225w, https:\/\/staging.flexistore.no\/wp-content\/uploads\/2022\/12\/Flexistore-Minilager-Hundvag-2-1152x1536.jpg 1152w, https:\/\/staging.flexistore.no\/wp-content\/uploads\/2022\/12\/Flexistore-Minilager-Hundvag-2-1536x2048.jpg 1536w, https:\/\/staging.flexistore.no\/wp-content\/uploads\/2022\/12\/Flexistore-Minilager-Hundvag-2-9x12.jpg 9w, https:\/\/staging.flexistore.no\/wp-content\/uploads\/2022\/12\/Flexistore-Minilager-Hundvag-2-scaled.jpg 1920w","medium_srcset":"https:\/\/staging.flexistore.no\/wp-content\/uploads\/2022\/12\/Flexistore-Minilager-Hundvag-2-225x300.jpg 225w, https:\/\/staging.flexistore.no\/wp-content\/uploads\/2022\/12\/Flexistore-Minilager-Hundvag-2-768x1024.jpg 768w, https:\/\/staging.flexistore.no\/wp-content\/uploads\/2022\/12\/Flexistore-Minilager-Hundvag-2-1152x1536.jpg 1152w, https:\/\/staging.flexistore.no\/wp-content\/uploads\/2022\/12\/Flexistore-Minilager-Hundvag-2-1536x2048.jpg 1536w, https:\/\/staging.flexistore.no\/wp-content\/uploads\/2022\/12\/Flexistore-Minilager-Hundvag-2-9x12.jpg 9w, https:\/\/staging.flexistore.no\/wp-content\/uploads\/2022\/12\/Flexistore-Minilager-Hundvag-2-scaled.jpg 1920w","url":"","target":""},{"id":4356,"title":"Flexistore Minilager - Hundv\u00e5g (1)","caption":"","full_image_url":"https:\/\/staging.flexistore.no\/wp-content\/uploads\/2022\/12\/Flexistore-Minilager-Hundvag-1-scaled.jpg","thumbnail_image_url":"https:\/\/staging.flexistore.no\/wp-content\/uploads\/2022\/12\/Flexistore-Minilager-Hundvag-1-150x150.jpg","large_srcset":"https:\/\/staging.flexistore.no\/wp-content\/uploads\/2022\/12\/Flexistore-Minilager-Hundvag-1-768x1024.jpg 768w, https:\/\/staging.flexistore.no\/wp-content\/uploads\/2022\/12\/Flexistore-Minilager-Hundvag-1-225x300.jpg 225w, https:\/\/staging.flexistore.no\/wp-content\/uploads\/2022\/12\/Flexistore-Minilager-Hundvag-1-1152x1536.jpg 1152w, https:\/\/staging.flexistore.no\/wp-content\/uploads\/2022\/12\/Flexistore-Minilager-Hundvag-1-1536x2048.jpg 1536w, https:\/\/staging.flexistore.no\/wp-content\/uploads\/2022\/12\/Flexistore-Minilager-Hundvag-1-9x12.jpg 9w, https:\/\/staging.flexistore.no\/wp-content\/uploads\/2022\/12\/Flexistore-Minilager-Hundvag-1-scaled.jpg 1920w","medium_srcset":"https:\/\/staging.flexistore.no\/wp-content\/uploads\/2022\/12\/Flexistore-Minilager-Hundvag-1-225x300.jpg 225w, https:\/\/staging.flexistore.no\/wp-content\/uploads\/2022\/12\/Flexistore-Minilager-Hundvag-1-768x1024.jpg 768w, https:\/\/staging.flexistore.no\/wp-content\/uploads\/2022\/12\/Flexistore-Minilager-Hundvag-1-1152x1536.jpg 1152w, https:\/\/staging.flexistore.no\/wp-content\/uploads\/2022\/12\/Flexistore-Minilager-Hundvag-1-1536x2048.jpg 1536w, https:\/\/staging.flexistore.no\/wp-content\/uploads\/2022\/12\/Flexistore-Minilager-Hundvag-1-9x12.jpg 9w, https:\/\/staging.flexistore.no\/wp-content\/uploads\/2022\/12\/Flexistore-Minilager-Hundvag-1-scaled.jpg 1920w","url":"","target":""},{"id":4358,"title":"Flexistore Minilager - Hundv\u00e5g (3)","caption":"","full_image_url":"https:\/\/staging.flexistore.no\/wp-content\/uploads\/2022\/12\/Flexistore-Minilager-Hundvag-3-scaled.jpg","thumbnail_image_url":"https:\/\/staging.flexistore.no\/wp-content\/uploads\/2022\/12\/Flexistore-Minilager-Hundvag-3-150x150.jpg","large_srcset":"https:\/\/staging.flexistore.no\/wp-content\/uploads\/2022\/12\/Flexistore-Minilager-Hundvag-3-768x1024.jpg 768w, https:\/\/staging.flexistore.no\/wp-content\/uploads\/2022\/12\/Flexistore-Minilager-Hundvag-3-225x300.jpg 225w, https:\/\/staging.flexistore.no\/wp-content\/uploads\/2022\/12\/Flexistore-Minilager-Hundvag-3-1152x1536.jpg 1152w, https:\/\/staging.flexistore.no\/wp-content\/uploads\/2022\/12\/Flexistore-Minilager-Hundvag-3-1536x2048.jpg 1536w, https:\/\/staging.flexistore.no\/wp-content\/uploads\/2022\/12\/Flexistore-Minilager-Hundvag-3-9x12.jpg 9w, https:\/\/staging.flexistore.no\/wp-content\/uploads\/2022\/12\/Flexistore-Minilager-Hundvag-3-scaled.jpg 1920w","medium_srcset":"https:\/\/staging.flexistore.no\/wp-content\/uploads\/2022\/12\/Flexistore-Minilager-Hundvag-3-225x300.jpg 225w, https:\/\/staging.flexistore.no\/wp-content\/uploads\/2022\/12\/Flexistore-Minilager-Hundvag-3-768x1024.jpg 768w, https:\/\/staging.flexistore.no\/wp-content\/uploads\/2022\/12\/Flexistore-Minilager-Hundvag-3-1152x1536.jpg 1152w, https:\/\/staging.flexistore.no\/wp-content\/uploads\/2022\/12\/Flexistore-Minilager-Hundvag-3-1536x2048.jpg 1536w, https:\/\/staging.flexistore.no\/wp-content\/uploads\/2022\/12\/Flexistore-Minilager-Hundvag-3-9x12.jpg 9w, https:\/\/staging.flexistore.no\/wp-content\/uploads\/2022\/12\/Flexistore-Minilager-Hundvag-3-scaled.jpg 1920w","url":"","target":""}],"herobilde-avdeling-undersider":{"ID":1670,"id":1670,"title":"Minilager Hundv\u00e5g","filename":"Minilager-Hundvag.jpg","filesize":44310,"url":"https:\/\/staging.flexistore.no\/wp-content\/uploads\/2022\/04\/Minilager-Hundvag.jpg","link":"https:\/\/staging.flexistore.no\/en\/self-storage\/stavanger\/hundvag\/attachment\/minilager-hundvag\/","alt":"Minilager Hundv\u00e5g","author":"1","description":"","caption":"","name":"minilager-hundvag","status":"inherit","uploaded_to":1668,"date":"2022-04-03 08:15:03","modified":"2022-04-03 08:15:11","menu_order":0,"mime_type":"image\/jpeg","type":"image","subtype":"jpeg","icon":"https:\/\/staging.flexistore.no\/wp-includes\/images\/media\/default.png","width":2560,"height":1707,"sizes":{"thumbnail":"https:\/\/staging.flexistore.no\/wp-content\/uploads\/2022\/04\/Minilager-Hundvag-150x150.jpg","thumbnail-width":150,"thumbnail-height":150,"medium":"https:\/\/staging.flexistore.no\/wp-content\/uploads\/2022\/04\/Minilager-Hundvag-300x200.jpg","medium-width":300,"medium-height":200,"medium_large":"https:\/\/staging.flexistore.no\/wp-content\/uploads\/2022\/04\/Minilager-Hundvag-768x512.jpg","medium_large-width":768,"medium_large-height":512,"large":"https:\/\/staging.flexistore.no\/wp-content\/uploads\/2022\/04\/Minilager-Hundvag-1024x683.jpg","large-width":800,"large-height":534,"1536x1536":"https:\/\/staging.flexistore.no\/wp-content\/uploads\/2022\/04\/Minilager-Hundvag-1536x1024.jpg","1536x1536-width":1536,"1536x1536-height":1024,"2048x2048":"https:\/\/staging.flexistore.no\/wp-content\/uploads\/2022\/04\/Minilager-Hundvag-2048x1366.jpg","2048x2048-width":2048,"2048x2048-height":1366,"trp-custom-language-flag":"https:\/\/staging.flexistore.no\/wp-content\/uploads\/2022\/04\/Minilager-Hundvag.jpg","trp-custom-language-flag-width":18,"trp-custom-language-flag-height":12}},"adresse-avdeling-undersider":"Nedre V\u00e5gen 35, 4085 Hundv\u00e5g","google_my_business_tittel-avdeling-undersider":"Flexistore Minilager avd. Stavanger Hundv\u00e5g","ikonliste_1-avdeling-undersider":"D\u00f8gn\u00e5pent og selvbetjent","ikonliste_2-avdeling-undersider":"Innend\u00f8rs og temperert","ikonliste_3-avdeling-undersider":"Lett tilgjengelig","ikonliste_4-avdeling-undersider":"Gratis kundeparkering","ikonliste_5-avdeling-undersider":"N\u00e6rme kollektivt","tekst_ikke_apnet_enda-avdeling-undersider":"","latitude-avdeling-undersider":"58.990495394669885","longitude-avdeling-undersider":"5.737972963555341","photo_gallery":{"lokasjonsbilder_karusell-avdeling-undersider":[[{"id":4357,"title":"Flexistore Minilager - Hundv\u00e5g (2)","caption":"","full_image_url":"https:\/\/staging.flexistore.no\/wp-content\/uploads\/2022\/12\/Flexistore-Minilager-Hundvag-2-scaled.jpg","thumbnail_image_url":"https:\/\/staging.flexistore.no\/wp-content\/uploads\/2022\/12\/Flexistore-Minilager-Hundvag-2-150x150.jpg","large_srcset":"https:\/\/staging.flexistore.no\/wp-content\/uploads\/2022\/12\/Flexistore-Minilager-Hundvag-2-768x1024.jpg 768w, https:\/\/staging.flexistore.no\/wp-content\/uploads\/2022\/12\/Flexistore-Minilager-Hundvag-2-225x300.jpg 225w, https:\/\/staging.flexistore.no\/wp-content\/uploads\/2022\/12\/Flexistore-Minilager-Hundvag-2-1152x1536.jpg 1152w, https:\/\/staging.flexistore.no\/wp-content\/uploads\/2022\/12\/Flexistore-Minilager-Hundvag-2-1536x2048.jpg 1536w, https:\/\/staging.flexistore.no\/wp-content\/uploads\/2022\/12\/Flexistore-Minilager-Hundvag-2-9x12.jpg 9w, https:\/\/staging.flexistore.no\/wp-content\/uploads\/2022\/12\/Flexistore-Minilager-Hundvag-2-scaled.jpg 1920w","medium_srcset":"https:\/\/staging.flexistore.no\/wp-content\/uploads\/2022\/12\/Flexistore-Minilager-Hundvag-2-225x300.jpg 225w, https:\/\/staging.flexistore.no\/wp-content\/uploads\/2022\/12\/Flexistore-Minilager-Hundvag-2-768x1024.jpg 768w, https:\/\/staging.flexistore.no\/wp-content\/uploads\/2022\/12\/Flexistore-Minilager-Hundvag-2-1152x1536.jpg 1152w, https:\/\/staging.flexistore.no\/wp-content\/uploads\/2022\/12\/Flexistore-Minilager-Hundvag-2-1536x2048.jpg 1536w, https:\/\/staging.flexistore.no\/wp-content\/uploads\/2022\/12\/Flexistore-Minilager-Hundvag-2-9x12.jpg 9w, https:\/\/staging.flexistore.no\/wp-content\/uploads\/2022\/12\/Flexistore-Minilager-Hundvag-2-scaled.jpg 1920w","url":"","target":""},{"id":4356,"title":"Flexistore Minilager - Hundv\u00e5g (1)","caption":"","full_image_url":"https:\/\/staging.flexistore.no\/wp-content\/uploads\/2022\/12\/Flexistore-Minilager-Hundvag-1-scaled.jpg","thumbnail_image_url":"https:\/\/staging.flexistore.no\/wp-content\/uploads\/2022\/12\/Flexistore-Minilager-Hundvag-1-150x150.jpg","large_srcset":"https:\/\/staging.flexistore.no\/wp-content\/uploads\/2022\/12\/Flexistore-Minilager-Hundvag-1-768x1024.jpg 768w, https:\/\/staging.flexistore.no\/wp-content\/uploads\/2022\/12\/Flexistore-Minilager-Hundvag-1-225x300.jpg 225w, https:\/\/staging.flexistore.no\/wp-content\/uploads\/2022\/12\/Flexistore-Minilager-Hundvag-1-1152x1536.jpg 1152w, https:\/\/staging.flexistore.no\/wp-content\/uploads\/2022\/12\/Flexistore-Minilager-Hundvag-1-1536x2048.jpg 1536w, https:\/\/staging.flexistore.no\/wp-content\/uploads\/2022\/12\/Flexistore-Minilager-Hundvag-1-9x12.jpg 9w, https:\/\/staging.flexistore.no\/wp-content\/uploads\/2022\/12\/Flexistore-Minilager-Hundvag-1-scaled.jpg 1920w","medium_srcset":"https:\/\/staging.flexistore.no\/wp-content\/uploads\/2022\/12\/Flexistore-Minilager-Hundvag-1-225x300.jpg 225w, https:\/\/staging.flexistore.no\/wp-content\/uploads\/2022\/12\/Flexistore-Minilager-Hundvag-1-768x1024.jpg 768w, https:\/\/staging.flexistore.no\/wp-content\/uploads\/2022\/12\/Flexistore-Minilager-Hundvag-1-1152x1536.jpg 1152w, https:\/\/staging.flexistore.no\/wp-content\/uploads\/2022\/12\/Flexistore-Minilager-Hundvag-1-1536x2048.jpg 1536w, https:\/\/staging.flexistore.no\/wp-content\/uploads\/2022\/12\/Flexistore-Minilager-Hundvag-1-9x12.jpg 9w, https:\/\/staging.flexistore.no\/wp-content\/uploads\/2022\/12\/Flexistore-Minilager-Hundvag-1-scaled.jpg 1920w","url":"","target":""},{"id":4358,"title":"Flexistore Minilager - Hundv\u00e5g (3)","caption":"","full_image_url":"https:\/\/staging.flexistore.no\/wp-content\/uploads\/2022\/12\/Flexistore-Minilager-Hundvag-3-scaled.jpg","thumbnail_image_url":"https:\/\/staging.flexistore.no\/wp-content\/uploads\/2022\/12\/Flexistore-Minilager-Hundvag-3-150x150.jpg","large_srcset":"https:\/\/staging.flexistore.no\/wp-content\/uploads\/2022\/12\/Flexistore-Minilager-Hundvag-3-768x1024.jpg 768w, https:\/\/staging.flexistore.no\/wp-content\/uploads\/2022\/12\/Flexistore-Minilager-Hundvag-3-225x300.jpg 225w, https:\/\/staging.flexistore.no\/wp-content\/uploads\/2022\/12\/Flexistore-Minilager-Hundvag-3-1152x1536.jpg 1152w, https:\/\/staging.flexistore.no\/wp-content\/uploads\/2022\/12\/Flexistore-Minilager-Hundvag-3-1536x2048.jpg 1536w, https:\/\/staging.flexistore.no\/wp-content\/uploads\/2022\/12\/Flexistore-Minilager-Hundvag-3-9x12.jpg 9w, https:\/\/staging.flexistore.no\/wp-content\/uploads\/2022\/12\/Flexistore-Minilager-Hundvag-3-scaled.jpg 1920w","medium_srcset":"https:\/\/staging.flexistore.no\/wp-content\/uploads\/2022\/12\/Flexistore-Minilager-Hundvag-3-225x300.jpg 225w, https:\/\/staging.flexistore.no\/wp-content\/uploads\/2022\/12\/Flexistore-Minilager-Hundvag-3-768x1024.jpg 768w, https:\/\/staging.flexistore.no\/wp-content\/uploads\/2022\/12\/Flexistore-Minilager-Hundvag-3-1152x1536.jpg 1152w, https:\/\/staging.flexistore.no\/wp-content\/uploads\/2022\/12\/Flexistore-Minilager-Hundvag-3-1536x2048.jpg 1536w, https:\/\/staging.flexistore.no\/wp-content\/uploads\/2022\/12\/Flexistore-Minilager-Hundvag-3-9x12.jpg 9w, https:\/\/staging.flexistore.no\/wp-content\/uploads\/2022\/12\/Flexistore-Minilager-Hundvag-3-scaled.jpg 1920w","url":"","target":""}]]}},"_links":{"self":[{"href":"https:\/\/staging.flexistore.no\/en\/wp-json\/wp\/v2\/pages\/1668"}],"collection":[{"href":"https:\/\/staging.flexistore.no\/en\/wp-json\/wp\/v2\/pages"}],"about":[{"href":"https:\/\/staging.flexistore.no\/en\/wp-json\/wp\/v2\/types\/page"}],"author":[{"embeddable":true,"href":"https:\/\/staging.flexistore.no\/en\/wp-json\/wp\/v2\/users\/8"}],"replies":[{"embeddable":true,"href":"https:\/\/staging.flexistore.no\/en\/wp-json\/wp\/v2\/comments?post=1668"}],"version-history":[{"count":8,"href":"https:\/\/staging.flexistore.no\/en\/wp-json\/wp\/v2\/pages\/1668\/revisions"}],"predecessor-version":[{"id":4360,"href":"https:\/\/staging.flexistore.no\/en\/wp-json\/wp\/v2\/pages\/1668\/revisions\/4360"}],"up":[{"embeddable":true,"href":"https:\/\/staging.flexistore.no\/en\/wp-json\/wp\/v2\/pages\/375"}],"wp:attachment":[{"href":"https:\/\/staging.flexistore.no\/en\/wp-json\/wp\/v2\/media?parent=1668"}],"curies":[{"name":"wp","href":"https:\/\/api.w.org\/{rel}","templated":true}]}}