{"id":1291,"date":"2022-03-25T16:04:32","date_gmt":"2022-03-25T15:04:32","guid":{"rendered":"http:\/\/www.flexistore.no\/?page_id=1291"},"modified":"2023-07-23T10:06:25","modified_gmt":"2023-07-23T09:06:25","slug":"furuset","status":"publish","type":"page","link":"https:\/\/staging.flexistore.no\/en\/self-storage\/oslo\/furuset\/","title":{"rendered":"Furuset"},"content":{"rendered":"","protected":false},"excerpt":{"rendered":"","protected":false},"author":8,"featured_media":0,"parent":369,"menu_order":0,"comment_status":"closed","ping_status":"closed","template":"","meta":{"_acf_changed":false,"footnotes":""},"acf":{"lokasjonsbilder_karusell-avdeling-undersider":[{"id":5067,"title":"Til_nettside_Furuset","caption":"","full_image_url":"https:\/\/staging.flexistore.no\/wp-content\/uploads\/2023\/07\/Til_nettside_Furuset-scaled.jpg","thumbnail_image_url":"https:\/\/staging.flexistore.no\/wp-content\/uploads\/2023\/07\/Til_nettside_Furuset-150x150.jpg","large_srcset":"https:\/\/staging.flexistore.no\/wp-content\/uploads\/2023\/07\/Til_nettside_Furuset-890x1024.jpg 890w, https:\/\/staging.flexistore.no\/wp-content\/uploads\/2023\/07\/Til_nettside_Furuset-261x300.jpg 261w, https:\/\/staging.flexistore.no\/wp-content\/uploads\/2023\/07\/Til_nettside_Furuset-768x884.jpg 768w, https:\/\/staging.flexistore.no\/wp-content\/uploads\/2023\/07\/Til_nettside_Furuset-1334x1536.jpg 1334w, https:\/\/staging.flexistore.no\/wp-content\/uploads\/2023\/07\/Til_nettside_Furuset-1779x2048.jpg 1779w, https:\/\/staging.flexistore.no\/wp-content\/uploads\/2023\/07\/Til_nettside_Furuset-10x12.jpg 10w","medium_srcset":"https:\/\/staging.flexistore.no\/wp-content\/uploads\/2023\/07\/Til_nettside_Furuset-261x300.jpg 261w, https:\/\/staging.flexistore.no\/wp-content\/uploads\/2023\/07\/Til_nettside_Furuset-890x1024.jpg 890w, https:\/\/staging.flexistore.no\/wp-content\/uploads\/2023\/07\/Til_nettside_Furuset-768x884.jpg 768w, https:\/\/staging.flexistore.no\/wp-content\/uploads\/2023\/07\/Til_nettside_Furuset-1334x1536.jpg 1334w, https:\/\/staging.flexistore.no\/wp-content\/uploads\/2023\/07\/Til_nettside_Furuset-1779x2048.jpg 1779w, https:\/\/staging.flexistore.no\/wp-content\/uploads\/2023\/07\/Til_nettside_Furuset-10x12.jpg 10w","url":"","target":""},{"id":4748,"title":"IMG_1553","caption":"","full_image_url":"https:\/\/staging.flexistore.no\/wp-content\/uploads\/2023\/03\/IMG_1553-scaled.jpg","thumbnail_image_url":"https:\/\/staging.flexistore.no\/wp-content\/uploads\/2023\/03\/IMG_1553-150x150.jpg","large_srcset":"https:\/\/staging.flexistore.no\/wp-content\/uploads\/2023\/03\/IMG_1553-768x1024.jpg 768w, https:\/\/staging.flexistore.no\/wp-content\/uploads\/2023\/03\/IMG_1553-225x300.jpg 225w, https:\/\/staging.flexistore.no\/wp-content\/uploads\/2023\/03\/IMG_1553-1152x1536.jpg 1152w, https:\/\/staging.flexistore.no\/wp-content\/uploads\/2023\/03\/IMG_1553-1536x2048.jpg 1536w, https:\/\/staging.flexistore.no\/wp-content\/uploads\/2023\/03\/IMG_1553-9x12.jpg 9w, https:\/\/staging.flexistore.no\/wp-content\/uploads\/2023\/03\/IMG_1553-scaled.jpg 1920w","medium_srcset":"https:\/\/staging.flexistore.no\/wp-content\/uploads\/2023\/03\/IMG_1553-225x300.jpg 225w, https:\/\/staging.flexistore.no\/wp-content\/uploads\/2023\/03\/IMG_1553-768x1024.jpg 768w, https:\/\/staging.flexistore.no\/wp-content\/uploads\/2023\/03\/IMG_1553-1152x1536.jpg 1152w, https:\/\/staging.flexistore.no\/wp-content\/uploads\/2023\/03\/IMG_1553-1536x2048.jpg 1536w, https:\/\/staging.flexistore.no\/wp-content\/uploads\/2023\/03\/IMG_1553-9x12.jpg 9w, https:\/\/staging.flexistore.no\/wp-content\/uploads\/2023\/03\/IMG_1553-scaled.jpg 1920w","url":"","target":""},{"id":4752,"title":"IMG_1572","caption":"","full_image_url":"https:\/\/staging.flexistore.no\/wp-content\/uploads\/2023\/03\/IMG_1572-scaled.jpg","thumbnail_image_url":"https:\/\/staging.flexistore.no\/wp-content\/uploads\/2023\/03\/IMG_1572-150x150.jpg","large_srcset":"https:\/\/staging.flexistore.no\/wp-content\/uploads\/2023\/03\/IMG_1572-768x1024.jpg 768w, https:\/\/staging.flexistore.no\/wp-content\/uploads\/2023\/03\/IMG_1572-225x300.jpg 225w, https:\/\/staging.flexistore.no\/wp-content\/uploads\/2023\/03\/IMG_1572-1152x1536.jpg 1152w, https:\/\/staging.flexistore.no\/wp-content\/uploads\/2023\/03\/IMG_1572-1536x2048.jpg 1536w, https:\/\/staging.flexistore.no\/wp-content\/uploads\/2023\/03\/IMG_1572-9x12.jpg 9w, https:\/\/staging.flexistore.no\/wp-content\/uploads\/2023\/03\/IMG_1572-scaled.jpg 1920w","medium_srcset":"https:\/\/staging.flexistore.no\/wp-content\/uploads\/2023\/03\/IMG_1572-225x300.jpg 225w, https:\/\/staging.flexistore.no\/wp-content\/uploads\/2023\/03\/IMG_1572-768x1024.jpg 768w, https:\/\/staging.flexistore.no\/wp-content\/uploads\/2023\/03\/IMG_1572-1152x1536.jpg 1152w, https:\/\/staging.flexistore.no\/wp-content\/uploads\/2023\/03\/IMG_1572-1536x2048.jpg 1536w, https:\/\/staging.flexistore.no\/wp-content\/uploads\/2023\/03\/IMG_1572-9x12.jpg 9w, https:\/\/staging.flexistore.no\/wp-content\/uploads\/2023\/03\/IMG_1572-scaled.jpg 1920w","url":"","target":""}],"herobilde-avdeling-undersider":{"ID":1292,"id":1292,"title":"Minilager Furuset","filename":"Minilager-Furuset.jpg","filesize":44310,"url":"https:\/\/staging.flexistore.no\/wp-content\/uploads\/2022\/03\/Minilager-Furuset.jpg","link":"https:\/\/staging.flexistore.no\/en\/self-storage\/oslo\/furuset\/attachment\/minilager-furuset\/","alt":"Minilager Furuset","author":"1","description":"","caption":"","name":"minilager-furuset","status":"inherit","uploaded_to":1291,"date":"2022-03-25 15:04:25","modified":"2022-03-25 15:06:57","menu_order":0,"mime_type":"image\/jpeg","type":"image","subtype":"jpeg","icon":"https:\/\/staging.flexistore.no\/wp-includes\/images\/media\/default.png","width":2560,"height":1707,"sizes":{"thumbnail":"https:\/\/staging.flexistore.no\/wp-content\/uploads\/2022\/03\/Minilager-Furuset-150x150.jpg","thumbnail-width":150,"thumbnail-height":150,"medium":"https:\/\/staging.flexistore.no\/wp-content\/uploads\/2022\/03\/Minilager-Furuset-300x200.jpg","medium-width":300,"medium-height":200,"medium_large":"https:\/\/staging.flexistore.no\/wp-content\/uploads\/2022\/03\/Minilager-Furuset-768x512.jpg","medium_large-width":768,"medium_large-height":512,"large":"https:\/\/staging.flexistore.no\/wp-content\/uploads\/2022\/03\/Minilager-Furuset-1024x683.jpg","large-width":800,"large-height":534,"1536x1536":"https:\/\/staging.flexistore.no\/wp-content\/uploads\/2022\/03\/Minilager-Furuset-1536x1024.jpg","1536x1536-width":1536,"1536x1536-height":1024,"2048x2048":"https:\/\/staging.flexistore.no\/wp-content\/uploads\/2022\/03\/Minilager-Furuset-2048x1366.jpg","2048x2048-width":2048,"2048x2048-height":1366,"trp-custom-language-flag":"https:\/\/staging.flexistore.no\/wp-content\/uploads\/2022\/03\/Minilager-Furuset.jpg","trp-custom-language-flag-width":18,"trp-custom-language-flag-height":12}},"adresse-avdeling-undersider":"Gamle Leirdalsvei 5, 1081 Oslo","google_my_business_tittel-avdeling-undersider":"Flexistore Minilager avd. Furuset","ikonliste_1-avdeling-undersider":"D\u00f8gn\u00e5pent og selvbetjent","ikonliste_2-avdeling-undersider":"Innend\u00f8rs og temperert","ikonliste_3-avdeling-undersider":"Lett tilgjengelig","ikonliste_4-avdeling-undersider":"Gratis kundeparkering","ikonliste_5-avdeling-undersider":"N\u00e6rme kollektivt","tekst_ikke_apnet_enda-avdeling-undersider":"","latitude-avdeling-undersider":"59.936600","longitude-avdeling-undersider":"10.874180","photo_gallery":{"lokasjonsbilder_karusell-avdeling-undersider":[[{"id":5067,"title":"Til_nettside_Furuset","caption":"","full_image_url":"https:\/\/staging.flexistore.no\/wp-content\/uploads\/2023\/07\/Til_nettside_Furuset-scaled.jpg","thumbnail_image_url":"https:\/\/staging.flexistore.no\/wp-content\/uploads\/2023\/07\/Til_nettside_Furuset-150x150.jpg","large_srcset":"https:\/\/staging.flexistore.no\/wp-content\/uploads\/2023\/07\/Til_nettside_Furuset-890x1024.jpg 890w, https:\/\/staging.flexistore.no\/wp-content\/uploads\/2023\/07\/Til_nettside_Furuset-261x300.jpg 261w, https:\/\/staging.flexistore.no\/wp-content\/uploads\/2023\/07\/Til_nettside_Furuset-768x884.jpg 768w, https:\/\/staging.flexistore.no\/wp-content\/uploads\/2023\/07\/Til_nettside_Furuset-1334x1536.jpg 1334w, https:\/\/staging.flexistore.no\/wp-content\/uploads\/2023\/07\/Til_nettside_Furuset-1779x2048.jpg 1779w, https:\/\/staging.flexistore.no\/wp-content\/uploads\/2023\/07\/Til_nettside_Furuset-10x12.jpg 10w","medium_srcset":"https:\/\/staging.flexistore.no\/wp-content\/uploads\/2023\/07\/Til_nettside_Furuset-261x300.jpg 261w, https:\/\/staging.flexistore.no\/wp-content\/uploads\/2023\/07\/Til_nettside_Furuset-890x1024.jpg 890w, https:\/\/staging.flexistore.no\/wp-content\/uploads\/2023\/07\/Til_nettside_Furuset-768x884.jpg 768w, https:\/\/staging.flexistore.no\/wp-content\/uploads\/2023\/07\/Til_nettside_Furuset-1334x1536.jpg 1334w, https:\/\/staging.flexistore.no\/wp-content\/uploads\/2023\/07\/Til_nettside_Furuset-1779x2048.jpg 1779w, https:\/\/staging.flexistore.no\/wp-content\/uploads\/2023\/07\/Til_nettside_Furuset-10x12.jpg 10w","url":"","target":""},{"id":4748,"title":"IMG_1553","caption":"","full_image_url":"https:\/\/staging.flexistore.no\/wp-content\/uploads\/2023\/03\/IMG_1553-scaled.jpg","thumbnail_image_url":"https:\/\/staging.flexistore.no\/wp-content\/uploads\/2023\/03\/IMG_1553-150x150.jpg","large_srcset":"https:\/\/staging.flexistore.no\/wp-content\/uploads\/2023\/03\/IMG_1553-768x1024.jpg 768w, https:\/\/staging.flexistore.no\/wp-content\/uploads\/2023\/03\/IMG_1553-225x300.jpg 225w, https:\/\/staging.flexistore.no\/wp-content\/uploads\/2023\/03\/IMG_1553-1152x1536.jpg 1152w, https:\/\/staging.flexistore.no\/wp-content\/uploads\/2023\/03\/IMG_1553-1536x2048.jpg 1536w, https:\/\/staging.flexistore.no\/wp-content\/uploads\/2023\/03\/IMG_1553-9x12.jpg 9w, https:\/\/staging.flexistore.no\/wp-content\/uploads\/2023\/03\/IMG_1553-scaled.jpg 1920w","medium_srcset":"https:\/\/staging.flexistore.no\/wp-content\/uploads\/2023\/03\/IMG_1553-225x300.jpg 225w, https:\/\/staging.flexistore.no\/wp-content\/uploads\/2023\/03\/IMG_1553-768x1024.jpg 768w, https:\/\/staging.flexistore.no\/wp-content\/uploads\/2023\/03\/IMG_1553-1152x1536.jpg 1152w, https:\/\/staging.flexistore.no\/wp-content\/uploads\/2023\/03\/IMG_1553-1536x2048.jpg 1536w, https:\/\/staging.flexistore.no\/wp-content\/uploads\/2023\/03\/IMG_1553-9x12.jpg 9w, https:\/\/staging.flexistore.no\/wp-content\/uploads\/2023\/03\/IMG_1553-scaled.jpg 1920w","url":"","target":""},{"id":4752,"title":"IMG_1572","caption":"","full_image_url":"https:\/\/staging.flexistore.no\/wp-content\/uploads\/2023\/03\/IMG_1572-scaled.jpg","thumbnail_image_url":"https:\/\/staging.flexistore.no\/wp-content\/uploads\/2023\/03\/IMG_1572-150x150.jpg","large_srcset":"https:\/\/staging.flexistore.no\/wp-content\/uploads\/2023\/03\/IMG_1572-768x1024.jpg 768w, https:\/\/staging.flexistore.no\/wp-content\/uploads\/2023\/03\/IMG_1572-225x300.jpg 225w, https:\/\/staging.flexistore.no\/wp-content\/uploads\/2023\/03\/IMG_1572-1152x1536.jpg 1152w, https:\/\/staging.flexistore.no\/wp-content\/uploads\/2023\/03\/IMG_1572-1536x2048.jpg 1536w, https:\/\/staging.flexistore.no\/wp-content\/uploads\/2023\/03\/IMG_1572-9x12.jpg 9w, https:\/\/staging.flexistore.no\/wp-content\/uploads\/2023\/03\/IMG_1572-scaled.jpg 1920w","medium_srcset":"https:\/\/staging.flexistore.no\/wp-content\/uploads\/2023\/03\/IMG_1572-225x300.jpg 225w, https:\/\/staging.flexistore.no\/wp-content\/uploads\/2023\/03\/IMG_1572-768x1024.jpg 768w, https:\/\/staging.flexistore.no\/wp-content\/uploads\/2023\/03\/IMG_1572-1152x1536.jpg 1152w, https:\/\/staging.flexistore.no\/wp-content\/uploads\/2023\/03\/IMG_1572-1536x2048.jpg 1536w, https:\/\/staging.flexistore.no\/wp-content\/uploads\/2023\/03\/IMG_1572-9x12.jpg 9w, https:\/\/staging.flexistore.no\/wp-content\/uploads\/2023\/03\/IMG_1572-scaled.jpg 1920w","url":"","target":""}]]}},"_links":{"self":[{"href":"https:\/\/staging.flexistore.no\/en\/wp-json\/wp\/v2\/pages\/1291"}],"collection":[{"href":"https:\/\/staging.flexistore.no\/en\/wp-json\/wp\/v2\/pages"}],"about":[{"href":"https:\/\/staging.flexistore.no\/en\/wp-json\/wp\/v2\/types\/page"}],"author":[{"embeddable":true,"href":"https:\/\/staging.flexistore.no\/en\/wp-json\/wp\/v2\/users\/8"}],"replies":[{"embeddable":true,"href":"https:\/\/staging.flexistore.no\/en\/wp-json\/wp\/v2\/comments?post=1291"}],"version-history":[{"count":8,"href":"https:\/\/staging.flexistore.no\/en\/wp-json\/wp\/v2\/pages\/1291\/revisions"}],"predecessor-version":[{"id":4754,"href":"https:\/\/staging.flexistore.no\/en\/wp-json\/wp\/v2\/pages\/1291\/revisions\/4754"}],"up":[{"embeddable":true,"href":"https:\/\/staging.flexistore.no\/en\/wp-json\/wp\/v2\/pages\/369"}],"wp:attachment":[{"href":"https:\/\/staging.flexistore.no\/en\/wp-json\/wp\/v2\/media?parent=1291"}],"curies":[{"name":"wp","href":"https:\/\/api.w.org\/{rel}","templated":true}]}}