{"id":1282,"date":"2022-03-25T15:56:26","date_gmt":"2022-03-25T14:56:26","guid":{"rendered":"http:\/\/www.flexistore.no\/?page_id=1282"},"modified":"2023-11-13T10:03:53","modified_gmt":"2023-11-13T09:03:53","slug":"alnabru","status":"publish","type":"page","link":"https:\/\/staging.flexistore.no\/en\/self-storage\/oslo\/alnabru\/","title":{"rendered":"Alnabru"},"content":{"rendered":"","protected":false},"excerpt":{"rendered":"","protected":false},"author":8,"featured_media":0,"parent":369,"menu_order":0,"comment_status":"closed","ping_status":"closed","template":"","meta":{"_acf_changed":false,"footnotes":""},"acf":{"lokasjonsbilder_karusell-avdeling-undersider":[{"id":5143,"title":"Smallvollveien28 Oslo 22","caption":"","full_image_url":"https:\/\/staging.flexistore.no\/wp-content\/uploads\/2023\/11\/Smallvollveien28-Oslo-22-scaled.jpg","thumbnail_image_url":"https:\/\/staging.flexistore.no\/wp-content\/uploads\/2023\/11\/Smallvollveien28-Oslo-22-150x150.jpg","large_srcset":"https:\/\/staging.flexistore.no\/wp-content\/uploads\/2023\/11\/Smallvollveien28-Oslo-22-1024x684.jpg 1024w, https:\/\/staging.flexistore.no\/wp-content\/uploads\/2023\/11\/Smallvollveien28-Oslo-22-300x200.jpg 300w, https:\/\/staging.flexistore.no\/wp-content\/uploads\/2023\/11\/Smallvollveien28-Oslo-22-768x513.jpg 768w, https:\/\/staging.flexistore.no\/wp-content\/uploads\/2023\/11\/Smallvollveien28-Oslo-22-1536x1025.jpg 1536w, https:\/\/staging.flexistore.no\/wp-content\/uploads\/2023\/11\/Smallvollveien28-Oslo-22-2048x1367.jpg 2048w, https:\/\/staging.flexistore.no\/wp-content\/uploads\/2023\/11\/Smallvollveien28-Oslo-22-18x12.jpg 18w","medium_srcset":"https:\/\/staging.flexistore.no\/wp-content\/uploads\/2023\/11\/Smallvollveien28-Oslo-22-300x200.jpg 300w, https:\/\/staging.flexistore.no\/wp-content\/uploads\/2023\/11\/Smallvollveien28-Oslo-22-1024x684.jpg 1024w, https:\/\/staging.flexistore.no\/wp-content\/uploads\/2023\/11\/Smallvollveien28-Oslo-22-768x513.jpg 768w, https:\/\/staging.flexistore.no\/wp-content\/uploads\/2023\/11\/Smallvollveien28-Oslo-22-1536x1025.jpg 1536w, https:\/\/staging.flexistore.no\/wp-content\/uploads\/2023\/11\/Smallvollveien28-Oslo-22-2048x1367.jpg 2048w, https:\/\/staging.flexistore.no\/wp-content\/uploads\/2023\/11\/Smallvollveien28-Oslo-22-18x12.jpg 18w","url":"","target":""},{"id":5145,"title":"Smallvollveien28 Oslo 17","caption":"","full_image_url":"https:\/\/staging.flexistore.no\/wp-content\/uploads\/2023\/11\/Smallvollveien28-Oslo-17.jpg","thumbnail_image_url":"https:\/\/staging.flexistore.no\/wp-content\/uploads\/2023\/11\/Smallvollveien28-Oslo-17-150x150.jpg","large_srcset":"https:\/\/staging.flexistore.no\/wp-content\/uploads\/2023\/11\/Smallvollveien28-Oslo-17-1024x684.jpg 1024w, https:\/\/staging.flexistore.no\/wp-content\/uploads\/2023\/11\/Smallvollveien28-Oslo-17-300x200.jpg 300w, https:\/\/staging.flexistore.no\/wp-content\/uploads\/2023\/11\/Smallvollveien28-Oslo-17-768x513.jpg 768w, https:\/\/staging.flexistore.no\/wp-content\/uploads\/2023\/11\/Smallvollveien28-Oslo-17-1536x1025.jpg 1536w, https:\/\/staging.flexistore.no\/wp-content\/uploads\/2023\/11\/Smallvollveien28-Oslo-17-18x12.jpg 18w, https:\/\/staging.flexistore.no\/wp-content\/uploads\/2023\/11\/Smallvollveien28-Oslo-17.jpg 2048w","medium_srcset":"https:\/\/staging.flexistore.no\/wp-content\/uploads\/2023\/11\/Smallvollveien28-Oslo-17-300x200.jpg 300w, https:\/\/staging.flexistore.no\/wp-content\/uploads\/2023\/11\/Smallvollveien28-Oslo-17-1024x684.jpg 1024w, https:\/\/staging.flexistore.no\/wp-content\/uploads\/2023\/11\/Smallvollveien28-Oslo-17-768x513.jpg 768w, https:\/\/staging.flexistore.no\/wp-content\/uploads\/2023\/11\/Smallvollveien28-Oslo-17-1536x1025.jpg 1536w, https:\/\/staging.flexistore.no\/wp-content\/uploads\/2023\/11\/Smallvollveien28-Oslo-17-18x12.jpg 18w, https:\/\/staging.flexistore.no\/wp-content\/uploads\/2023\/11\/Smallvollveien28-Oslo-17.jpg 2048w","url":"","target":""},{"id":5142,"title":"Smallvollveien28 Oslo 15","caption":"","full_image_url":"https:\/\/staging.flexistore.no\/wp-content\/uploads\/2023\/11\/Smallvollveien28-Oslo-15.jpg","thumbnail_image_url":"https:\/\/staging.flexistore.no\/wp-content\/uploads\/2023\/11\/Smallvollveien28-Oslo-15-150x150.jpg","large_srcset":"https:\/\/staging.flexistore.no\/wp-content\/uploads\/2023\/11\/Smallvollveien28-Oslo-15-1024x684.jpg 1024w, https:\/\/staging.flexistore.no\/wp-content\/uploads\/2023\/11\/Smallvollveien28-Oslo-15-300x200.jpg 300w, https:\/\/staging.flexistore.no\/wp-content\/uploads\/2023\/11\/Smallvollveien28-Oslo-15-768x513.jpg 768w, https:\/\/staging.flexistore.no\/wp-content\/uploads\/2023\/11\/Smallvollveien28-Oslo-15-1536x1025.jpg 1536w, https:\/\/staging.flexistore.no\/wp-content\/uploads\/2023\/11\/Smallvollveien28-Oslo-15-18x12.jpg 18w, https:\/\/staging.flexistore.no\/wp-content\/uploads\/2023\/11\/Smallvollveien28-Oslo-15.jpg 2048w","medium_srcset":"https:\/\/staging.flexistore.no\/wp-content\/uploads\/2023\/11\/Smallvollveien28-Oslo-15-300x200.jpg 300w, https:\/\/staging.flexistore.no\/wp-content\/uploads\/2023\/11\/Smallvollveien28-Oslo-15-1024x684.jpg 1024w, https:\/\/staging.flexistore.no\/wp-content\/uploads\/2023\/11\/Smallvollveien28-Oslo-15-768x513.jpg 768w, https:\/\/staging.flexistore.no\/wp-content\/uploads\/2023\/11\/Smallvollveien28-Oslo-15-1536x1025.jpg 1536w, https:\/\/staging.flexistore.no\/wp-content\/uploads\/2023\/11\/Smallvollveien28-Oslo-15-18x12.jpg 18w, https:\/\/staging.flexistore.no\/wp-content\/uploads\/2023\/11\/Smallvollveien28-Oslo-15.jpg 2048w","url":"","target":""}],"herobilde-avdeling-undersider":{"ID":1283,"id":1283,"title":"Minilager Alnabru","filename":"Minilager-Alnabru.jpg","filesize":44310,"url":"https:\/\/staging.flexistore.no\/wp-content\/uploads\/2022\/03\/Minilager-Alnabru.jpg","link":"https:\/\/staging.flexistore.no\/en\/self-storage\/oslo\/alnabru\/attachment\/minilager-alnabru\/","alt":"Minilager Alnabru","author":"1","description":"","caption":"","name":"minilager-alnabru","status":"inherit","uploaded_to":1282,"date":"2022-03-25 14:55:52","modified":"2022-03-25 14:56:00","menu_order":0,"mime_type":"image\/jpeg","type":"image","subtype":"jpeg","icon":"https:\/\/staging.flexistore.no\/wp-includes\/images\/media\/default.png","width":2560,"height":1707,"sizes":{"thumbnail":"https:\/\/staging.flexistore.no\/wp-content\/uploads\/2022\/03\/Minilager-Alnabru-150x150.jpg","thumbnail-width":150,"thumbnail-height":150,"medium":"https:\/\/staging.flexistore.no\/wp-content\/uploads\/2022\/03\/Minilager-Alnabru-300x200.jpg","medium-width":300,"medium-height":200,"medium_large":"https:\/\/staging.flexistore.no\/wp-content\/uploads\/2022\/03\/Minilager-Alnabru-768x512.jpg","medium_large-width":768,"medium_large-height":512,"large":"https:\/\/staging.flexistore.no\/wp-content\/uploads\/2022\/03\/Minilager-Alnabru-1024x683.jpg","large-width":800,"large-height":534,"1536x1536":"https:\/\/staging.flexistore.no\/wp-content\/uploads\/2022\/03\/Minilager-Alnabru-1536x1024.jpg","1536x1536-width":1536,"1536x1536-height":1024,"2048x2048":"https:\/\/staging.flexistore.no\/wp-content\/uploads\/2022\/03\/Minilager-Alnabru-2048x1366.jpg","2048x2048-width":2048,"2048x2048-height":1366,"trp-custom-language-flag":"https:\/\/staging.flexistore.no\/wp-content\/uploads\/2022\/03\/Minilager-Alnabru.jpg","trp-custom-language-flag-width":18,"trp-custom-language-flag-height":12}},"adresse-avdeling-undersider":"Smalvollveien 28, Alnabru, Oslo","google_my_business_tittel-avdeling-undersider":"Flexistore minilager avd. Alnabru","ikonliste_1-avdeling-undersider":"D\u00f8gn\u00e5pent og selvbetjent","ikonliste_2-avdeling-undersider":"Innend\u00f8rs og temperert","ikonliste_3-avdeling-undersider":"Lett tilgjengelig","ikonliste_4-avdeling-undersider":"Gratis kundeparkering","ikonliste_5-avdeling-undersider":"","tekst_ikke_apnet_enda-avdeling-undersider":"","latitude-avdeling-undersider":"59.9178544812163","longitude-avdeling-undersider":"10.834357170284752","photo_gallery":{"lokasjonsbilder_karusell-avdeling-undersider":[[{"id":5143,"title":"Smallvollveien28 Oslo 22","caption":"","full_image_url":"https:\/\/staging.flexistore.no\/wp-content\/uploads\/2023\/11\/Smallvollveien28-Oslo-22-scaled.jpg","thumbnail_image_url":"https:\/\/staging.flexistore.no\/wp-content\/uploads\/2023\/11\/Smallvollveien28-Oslo-22-150x150.jpg","large_srcset":"https:\/\/staging.flexistore.no\/wp-content\/uploads\/2023\/11\/Smallvollveien28-Oslo-22-1024x684.jpg 1024w, https:\/\/staging.flexistore.no\/wp-content\/uploads\/2023\/11\/Smallvollveien28-Oslo-22-300x200.jpg 300w, https:\/\/staging.flexistore.no\/wp-content\/uploads\/2023\/11\/Smallvollveien28-Oslo-22-768x513.jpg 768w, https:\/\/staging.flexistore.no\/wp-content\/uploads\/2023\/11\/Smallvollveien28-Oslo-22-1536x1025.jpg 1536w, https:\/\/staging.flexistore.no\/wp-content\/uploads\/2023\/11\/Smallvollveien28-Oslo-22-2048x1367.jpg 2048w, https:\/\/staging.flexistore.no\/wp-content\/uploads\/2023\/11\/Smallvollveien28-Oslo-22-18x12.jpg 18w","medium_srcset":"https:\/\/staging.flexistore.no\/wp-content\/uploads\/2023\/11\/Smallvollveien28-Oslo-22-300x200.jpg 300w, https:\/\/staging.flexistore.no\/wp-content\/uploads\/2023\/11\/Smallvollveien28-Oslo-22-1024x684.jpg 1024w, https:\/\/staging.flexistore.no\/wp-content\/uploads\/2023\/11\/Smallvollveien28-Oslo-22-768x513.jpg 768w, https:\/\/staging.flexistore.no\/wp-content\/uploads\/2023\/11\/Smallvollveien28-Oslo-22-1536x1025.jpg 1536w, https:\/\/staging.flexistore.no\/wp-content\/uploads\/2023\/11\/Smallvollveien28-Oslo-22-2048x1367.jpg 2048w, https:\/\/staging.flexistore.no\/wp-content\/uploads\/2023\/11\/Smallvollveien28-Oslo-22-18x12.jpg 18w","url":"","target":""},{"id":5145,"title":"Smallvollveien28 Oslo 17","caption":"","full_image_url":"https:\/\/staging.flexistore.no\/wp-content\/uploads\/2023\/11\/Smallvollveien28-Oslo-17.jpg","thumbnail_image_url":"https:\/\/staging.flexistore.no\/wp-content\/uploads\/2023\/11\/Smallvollveien28-Oslo-17-150x150.jpg","large_srcset":"https:\/\/staging.flexistore.no\/wp-content\/uploads\/2023\/11\/Smallvollveien28-Oslo-17-1024x684.jpg 1024w, https:\/\/staging.flexistore.no\/wp-content\/uploads\/2023\/11\/Smallvollveien28-Oslo-17-300x200.jpg 300w, https:\/\/staging.flexistore.no\/wp-content\/uploads\/2023\/11\/Smallvollveien28-Oslo-17-768x513.jpg 768w, https:\/\/staging.flexistore.no\/wp-content\/uploads\/2023\/11\/Smallvollveien28-Oslo-17-1536x1025.jpg 1536w, https:\/\/staging.flexistore.no\/wp-content\/uploads\/2023\/11\/Smallvollveien28-Oslo-17-18x12.jpg 18w, https:\/\/staging.flexistore.no\/wp-content\/uploads\/2023\/11\/Smallvollveien28-Oslo-17.jpg 2048w","medium_srcset":"https:\/\/staging.flexistore.no\/wp-content\/uploads\/2023\/11\/Smallvollveien28-Oslo-17-300x200.jpg 300w, https:\/\/staging.flexistore.no\/wp-content\/uploads\/2023\/11\/Smallvollveien28-Oslo-17-1024x684.jpg 1024w, https:\/\/staging.flexistore.no\/wp-content\/uploads\/2023\/11\/Smallvollveien28-Oslo-17-768x513.jpg 768w, https:\/\/staging.flexistore.no\/wp-content\/uploads\/2023\/11\/Smallvollveien28-Oslo-17-1536x1025.jpg 1536w, https:\/\/staging.flexistore.no\/wp-content\/uploads\/2023\/11\/Smallvollveien28-Oslo-17-18x12.jpg 18w, https:\/\/staging.flexistore.no\/wp-content\/uploads\/2023\/11\/Smallvollveien28-Oslo-17.jpg 2048w","url":"","target":""},{"id":5142,"title":"Smallvollveien28 Oslo 15","caption":"","full_image_url":"https:\/\/staging.flexistore.no\/wp-content\/uploads\/2023\/11\/Smallvollveien28-Oslo-15.jpg","thumbnail_image_url":"https:\/\/staging.flexistore.no\/wp-content\/uploads\/2023\/11\/Smallvollveien28-Oslo-15-150x150.jpg","large_srcset":"https:\/\/staging.flexistore.no\/wp-content\/uploads\/2023\/11\/Smallvollveien28-Oslo-15-1024x684.jpg 1024w, https:\/\/staging.flexistore.no\/wp-content\/uploads\/2023\/11\/Smallvollveien28-Oslo-15-300x200.jpg 300w, https:\/\/staging.flexistore.no\/wp-content\/uploads\/2023\/11\/Smallvollveien28-Oslo-15-768x513.jpg 768w, https:\/\/staging.flexistore.no\/wp-content\/uploads\/2023\/11\/Smallvollveien28-Oslo-15-1536x1025.jpg 1536w, https:\/\/staging.flexistore.no\/wp-content\/uploads\/2023\/11\/Smallvollveien28-Oslo-15-18x12.jpg 18w, https:\/\/staging.flexistore.no\/wp-content\/uploads\/2023\/11\/Smallvollveien28-Oslo-15.jpg 2048w","medium_srcset":"https:\/\/staging.flexistore.no\/wp-content\/uploads\/2023\/11\/Smallvollveien28-Oslo-15-300x200.jpg 300w, https:\/\/staging.flexistore.no\/wp-content\/uploads\/2023\/11\/Smallvollveien28-Oslo-15-1024x684.jpg 1024w, https:\/\/staging.flexistore.no\/wp-content\/uploads\/2023\/11\/Smallvollveien28-Oslo-15-768x513.jpg 768w, https:\/\/staging.flexistore.no\/wp-content\/uploads\/2023\/11\/Smallvollveien28-Oslo-15-1536x1025.jpg 1536w, https:\/\/staging.flexistore.no\/wp-content\/uploads\/2023\/11\/Smallvollveien28-Oslo-15-18x12.jpg 18w, https:\/\/staging.flexistore.no\/wp-content\/uploads\/2023\/11\/Smallvollveien28-Oslo-15.jpg 2048w","url":"","target":""}]]}},"_links":{"self":[{"href":"https:\/\/staging.flexistore.no\/en\/wp-json\/wp\/v2\/pages\/1282"}],"collection":[{"href":"https:\/\/staging.flexistore.no\/en\/wp-json\/wp\/v2\/pages"}],"about":[{"href":"https:\/\/staging.flexistore.no\/en\/wp-json\/wp\/v2\/types\/page"}],"author":[{"embeddable":true,"href":"https:\/\/staging.flexistore.no\/en\/wp-json\/wp\/v2\/users\/8"}],"replies":[{"embeddable":true,"href":"https:\/\/staging.flexistore.no\/en\/wp-json\/wp\/v2\/comments?post=1282"}],"version-history":[{"count":8,"href":"https:\/\/staging.flexistore.no\/en\/wp-json\/wp\/v2\/pages\/1282\/revisions"}],"predecessor-version":[{"id":5091,"href":"https:\/\/staging.flexistore.no\/en\/wp-json\/wp\/v2\/pages\/1282\/revisions\/5091"}],"up":[{"embeddable":true,"href":"https:\/\/staging.flexistore.no\/en\/wp-json\/wp\/v2\/pages\/369"}],"wp:attachment":[{"href":"https:\/\/staging.flexistore.no\/en\/wp-json\/wp\/v2\/media?parent=1282"}],"curies":[{"name":"wp","href":"https:\/\/api.w.org\/{rel}","templated":true}]}}